{"id":21665,"date":"2024-02-22T15:37:37","date_gmt":"2024-02-22T20:37:37","guid":{"rendered":"https:\/\/congebec-migrate.stagingsept24.com\/?page_id=21665"},"modified":"2024-05-31T11:50:41","modified_gmt":"2024-05-31T15:50:41","slug":"job-postings","status":"publish","type":"page","link":"https:\/\/congebec.com\/en\/job-postings\/","title":{"rendered":"Job Offers"},"content":{"rendered":"\t\t<div data-elementor-type=\"wp-page\" data-elementor-id=\"21665\" class=\"elementor elementor-21665 elementor-21622\" data-elementor-post-type=\"page\">\n\t\t\t\t\t\t<section class=\"elementor-section elementor-top-section elementor-element elementor-element-4132c96 elementor-section-full_width elementor-section-height-min-height elementor-section-stretched elementor-section-height-default elementor-section-items-middle\" data-id=\"4132c96\" data-element_type=\"section\" data-e-type=\"section\" data-settings=\"{&quot;stretch_section&quot;:&quot;section-stretched&quot;,&quot;background_background&quot;:&quot;classic&quot;}\">\n\t\t\t\t\t\t<div class=\"elementor-container elementor-column-gap-default\">\n\t\t\t\t\t<div class=\"elementor-column elementor-col-100 elementor-top-column elementor-element elementor-element-3716856\" data-id=\"3716856\" data-element_type=\"column\" data-e-type=\"column\">\n\t\t\t<div class=\"elementor-widget-wrap\">\n\t\t\t\t\t\t\t<\/div>\n\t\t<\/div>\n\t\t\t\t\t<\/div>\n\t\t<\/section>\n\t\t\t\t<section class=\"elementor-section elementor-top-section elementor-element elementor-element-886e1dd elementor-section-height-min-height elementor-section-boxed elementor-section-height-default elementor-section-items-middle\" data-id=\"886e1dd\" data-element_type=\"section\" data-e-type=\"section\" data-settings=\"{&quot;background_background&quot;:&quot;classic&quot;}\">\n\t\t\t\t\t\t<div class=\"elementor-container elementor-column-gap-default\">\n\t\t\t\t\t<div class=\"elementor-column elementor-col-100 elementor-top-column elementor-element elementor-element-24f4037\" data-id=\"24f4037\" data-element_type=\"column\" data-e-type=\"column\">\n\t\t\t<div class=\"elementor-widget-wrap elementor-element-populated\">\n\t\t\t\t\t\t<div class=\"elementor-element elementor-element-551eb3f elementor-widget elementor-widget-heading\" data-id=\"551eb3f\" data-element_type=\"widget\" data-e-type=\"widget\" data-widget_type=\"heading.default\">\n\t\t\t\t<div class=\"elementor-widget-container\">\n\t\t\t\t\t<h2 class=\"elementor-heading-title elementor-size-default\">Job Offers<\/h2>\t\t\t\t<\/div>\n\t\t\t\t<\/div>\n\t\t\t\t\t<\/div>\n\t\t<\/div>\n\t\t\t\t\t<\/div>\n\t\t<\/section>\n\t\t\t\t<section class=\"elementor-section elementor-top-section elementor-element elementor-element-abe61cb elementor-section-height-min-height sept24__job--list elementor-section-boxed elementor-section-height-default elementor-section-items-middle\" data-id=\"abe61cb\" data-element_type=\"section\" data-e-type=\"section\" data-settings=\"{&quot;background_background&quot;:&quot;classic&quot;}\">\n\t\t\t\t\t\t<div class=\"elementor-container elementor-column-gap-default\">\n\t\t\t\t\t<div class=\"elementor-column elementor-col-100 elementor-top-column elementor-element elementor-element-2d8a996\" data-id=\"2d8a996\" data-element_type=\"column\" data-e-type=\"column\">\n\t\t\t<div class=\"elementor-widget-wrap elementor-element-populated\">\n\t\t\t\t\t\t<div class=\"elementor-element elementor-element-6866bbf elementor-widget elementor-widget-html\" data-id=\"6866bbf\" data-element_type=\"widget\" data-e-type=\"widget\" data-widget_type=\"html.default\">\n\t\t\t\t<div class=\"elementor-widget-container\">\n\t\t\t\t\t<script>\ndocument.addEventListener(\"DOMContentLoaded\", function() {\n    var emplacementsList = document.querySelectorAll(\".emplacements\");\n    emplacementsList.forEach(function(emplacements) {\n        if (emplacements) {\n            \/\/ Extraire le texte, le diviser par <br>, et supprimer les espaces superflus\n            var contents = emplacements.innerHTML.split('<br>').map(function(text) {\n                return text.trim();\n            });\n\n            \/\/ Supprimer les doublons\n            var uniqueContents = [];\n            contents.forEach(function(item) {\n                if (uniqueContents.indexOf(item) === -1 && item !== \"\") {\n                    uniqueContents.push(item);\n                }\n            });\n\n            \/\/ Rejoindre les \u00e9l\u00e9ments uniques avec <br> et mettre \u00e0 jour l'HTML de l'\u00e9l\u00e9ment\n            emplacements.innerHTML = uniqueContents.join('<br>');\n        }\n    });\n});\n<\/script>\t\t\t\t<\/div>\n\t\t\t\t<\/div>\n\t\t\t\t<div class=\"elementor-element elementor-element-b7bef3c elementor-widget elementor-widget-text-editor\" data-id=\"b7bef3c\" data-element_type=\"widget\" data-e-type=\"widget\" data-widget_type=\"text-editor.default\">\n\t\t\t\t<div class=\"elementor-widget-container\">\n\t\t\t\t\t\n\t\t<div class=\"sept24-grid-filter-container\">\n\n\t\t\t\t\t\t\t<select id=\"sept24-grid-filter-emplacements\" class=\"sept24-grid-filter\">\n\t\t\t\t\t<option value=\"*\">All locations<\/option>\n\t\t\t\t\t<option value=\".sept24-job-grid-calgary-en\">Calgary<\/option><option value=\".sept24-job-grid-mississauga\">Mississauga<\/option><option value=\".sept24-job-grid-vancouver-en\">Vancouver<\/option>\t\t\t\t<\/select>\n\t\t\t\n\t\t\t\t\t\t\t<select id=\"sept24-grid-filter-departements\" class=\"sept24-grid-filter\">\n\t\t\t\t\t<option value=\"*\">All departments<\/option>\n\t\t\t\t\t<option value=\".sept24-job-grid-engineering-and-maintenance\">Engineering and Maintenance<\/option><option value=\".sept24-job-grid-human-resources\">Human Resources<\/option><option value=\".sept24-job-grid-sales-and-customer-experience\">Sales and Customer Experience<\/option><option value=\".sept24-job-grid-student-intern\">Student\/Intern<\/option><option value=\".sept24-job-grid-warehousing-operations\">Warehousing Operations<\/option>\t\t\t\t<\/select>\n\t\t\t\t\t<\/div>\n\n\t\t<ul class=\"sept24-table-like\" id=\"sept24-table-like\">\n\n\t\t\t\n\t\t\t\t<li class=\"element-item sept24-job-grid-vancouver-en sept24-job-grid-sales-and-customer-experience\">\n\t\t\t\t\t<div class=\"name\">Customer Service Representative (Shipping Coordinator)<\/div>\n\t\t\t\t\t<div class=\"emplacements\">\n\t\t\t\t\t\tVancouver\t\t\t\t\t<\/div>\n\t\t\t\t\t<div class=\"departements\">\n\t\t\t\t\t\tSales and Customer Experience\t\t\t\t\t<\/div>\n\t\t\t\t\t<a href=\"https:\/\/congebec.com\/en\/emplois\/customer-service-representative-shipping-coordinator\/\">See the details&nbsp;<span>><\/span><\/a>\n\t\t\t\t<\/li>\n\n\t\t\t\n\t\t\t\t<li class=\"element-item sept24-job-grid-calgary-en sept24-job-grid-calgary sept24-job-grid-human-resources sept24-job-grid-student-intern\">\n\t\t\t\t\t<div class=\"name\">HR Student or Intern<\/div>\n\t\t\t\t\t<div class=\"emplacements\">\n\t\t\t\t\t\tCalgary<br>Calgary\t\t\t\t\t<\/div>\n\t\t\t\t\t<div class=\"departements\">\n\t\t\t\t\t\tHuman Resources<br>Student\/Intern\t\t\t\t\t<\/div>\n\t\t\t\t\t<a href=\"https:\/\/congebec.com\/en\/emplois\/hr-student-or-intern\/\">See the details&nbsp;<span>><\/span><\/a>\n\t\t\t\t<\/li>\n\n\t\t\t\n\t\t\t\t<li class=\"element-item sept24-job-grid-mississauga sept24-job-grid-warehousing-operations\">\n\t\t\t\t\t<div class=\"name\">Forklift Operator<\/div>\n\t\t\t\t\t<div class=\"emplacements\">\n\t\t\t\t\t\tMississauga\t\t\t\t\t<\/div>\n\t\t\t\t\t<div class=\"departements\">\n\t\t\t\t\t\tWarehousing Operations\t\t\t\t\t<\/div>\n\t\t\t\t\t<a href=\"https:\/\/congebec.com\/en\/emplois\/forklift-operator\/\">See the details&nbsp;<span>><\/span><\/a>\n\t\t\t\t<\/li>\n\n\t\t\t\n\t\t\t\t<li class=\"element-item sept24-job-grid-mississauga sept24-job-grid-engineering-and-maintenance\">\n\t\t\t\t\t<div class=\"name\">Chief Engineer &#8211; Refrigeration Class A<\/div>\n\t\t\t\t\t<div class=\"emplacements\">\n\t\t\t\t\t\tMississauga\t\t\t\t\t<\/div>\n\t\t\t\t\t<div class=\"departements\">\n\t\t\t\t\t\tEngineering and Maintenance\t\t\t\t\t<\/div>\n\t\t\t\t\t<a href=\"https:\/\/congebec.com\/en\/emplois\/chief-engineer-refrigeration-class-a\/\">See the details&nbsp;<span>><\/span><\/a>\n\t\t\t\t<\/li>\n\n\t\t\t\n\t\t<\/ul>\n\n\t\t\t\t\t<\/div>\n\t\t\t\t<\/div>\n\t\t\t\t<div class=\"elementor-element elementor-element-1b53bef elementor-widget elementor-widget-text-editor\" data-id=\"1b53bef\" data-element_type=\"widget\" data-e-type=\"widget\" data-widget_type=\"text-editor.default\">\n\t\t\t\t<div class=\"elementor-widget-container\">\n\t\t\t\t\t\t\t\t\t<p>The job of your dreams is not posted and you would like to join our team?<\/p>\t\t\t\t\t\t\t\t<\/div>\n\t\t\t\t<\/div>\n\t\t\t\t<div class=\"elementor-element elementor-element-29d0270 elementor-align-center elementor-widget elementor-widget-button\" data-id=\"29d0270\" data-element_type=\"widget\" data-e-type=\"widget\" data-widget_type=\"button.default\">\n\t\t\t\t<div class=\"elementor-widget-container\">\n\t\t\t\t\t\t\t\t\t<div class=\"elementor-button-wrapper\">\n\t\t\t\t\t<a class=\"elementor-button elementor-button-link elementor-size-sm\" href=\"\/en\/spontaneous-applications\/\">\n\t\t\t\t\t\t<span class=\"elementor-button-content-wrapper\">\n\t\t\t\t\t\t<span class=\"elementor-button-icon\">\n\t\t\t\t<i aria-hidden=\"true\" class=\"far fa-arrow-alt-circle-right\"><\/i>\t\t\t<\/span>\n\t\t\t\t\t\t\t\t\t<span class=\"elementor-button-text\">Spontaneous Applications<\/span>\n\t\t\t\t\t<\/span>\n\t\t\t\t\t<\/a>\n\t\t\t\t<\/div>\n\t\t\t\t\t\t\t\t<\/div>\n\t\t\t\t<\/div>\n\t\t\t\t\t<\/div>\n\t\t<\/div>\n\t\t\t\t\t<\/div>\n\t\t<\/section>\n\t\t\t\t<\/div>\n\t\t","protected":false},"excerpt":{"rendered":"<p>Job Offers The job of your dreams is not posted and you would like to join our team? Spontaneous Applications<\/p>\n","protected":false},"author":7,"featured_media":0,"parent":0,"menu_order":0,"comment_status":"closed","ping_status":"closed","template":"template-full.php","meta":{"_acf_changed":false,"_monsterinsights_skip_tracking":false,"_monsterinsights_sitenote_active":false,"_monsterinsights_sitenote_note":"","_monsterinsights_sitenote_category":0,"footnotes":""},"class_list":["post-21665","page","type-page","status-publish","hentry"],"acf":[],"yoast_head":"<!-- This site is optimized with the Yoast SEO plugin v27.4 - https:\/\/yoast.com\/product\/yoast-seo-wordpress\/ -->\n<title>Job Offers - Congebec<\/title>\n<meta name=\"robots\" content=\"index, follow, max-snippet:-1, max-image-preview:large, max-video-preview:-1\" \/>\n<link rel=\"canonical\" href=\"https:\/\/congebec.com\/offres-demploi\/\" \/>\n<meta property=\"og:locale\" content=\"en_US\" \/>\n<meta property=\"og:type\" content=\"article\" \/>\n<meta property=\"og:title\" content=\"Job Offers - Congebec\" \/>\n<meta property=\"og:description\" content=\"Job Offers The job of your dreams is not posted and you would like to join our team? Spontaneous Applications\" \/>\n<meta property=\"og:url\" content=\"https:\/\/congebec.com\/offres-demploi\/\" \/>\n<meta property=\"og:site_name\" content=\"Congebec\" \/>\n<meta property=\"article:publisher\" content=\"https:\/\/www.facebook.com\/congebec\/\" \/>\n<meta property=\"article:modified_time\" content=\"2024-05-31T15:50:41+00:00\" \/>\n<meta name=\"twitter:card\" content=\"summary_large_image\" \/>\n<meta name=\"twitter:label1\" content=\"Est. reading time\" \/>\n\t<meta name=\"twitter:data1\" content=\"1 minute\" \/>\n<script type=\"application\/ld+json\" class=\"yoast-schema-graph\">{\"@context\":\"https:\\\/\\\/schema.org\",\"@graph\":[{\"@type\":\"WebPage\",\"@id\":\"https:\\\/\\\/congebec.com\\\/offres-demploi\\\/\",\"url\":\"https:\\\/\\\/congebec.com\\\/offres-demploi\\\/\",\"name\":\"Job Offers - Congebec\",\"isPartOf\":{\"@id\":\"https:\\\/\\\/congebec.com\\\/#website\"},\"datePublished\":\"2024-02-22T20:37:37+00:00\",\"dateModified\":\"2024-05-31T15:50:41+00:00\",\"breadcrumb\":{\"@id\":\"https:\\\/\\\/congebec.com\\\/offres-demploi\\\/#breadcrumb\"},\"inLanguage\":\"en-US\",\"potentialAction\":[{\"@type\":\"ReadAction\",\"target\":[\"https:\\\/\\\/congebec.com\\\/offres-demploi\\\/\"]}]},{\"@type\":\"BreadcrumbList\",\"@id\":\"https:\\\/\\\/congebec.com\\\/offres-demploi\\\/#breadcrumb\",\"itemListElement\":[{\"@type\":\"ListItem\",\"position\":1,\"name\":\"Accueil\",\"item\":\"https:\\\/\\\/congebec.com\\\/\"},{\"@type\":\"ListItem\",\"position\":2,\"name\":\"Job Offers\"}]},{\"@type\":\"WebSite\",\"@id\":\"https:\\\/\\\/congebec.com\\\/#website\",\"url\":\"https:\\\/\\\/congebec.com\\\/\",\"name\":\"Congebec\",\"description\":\"\",\"publisher\":{\"@id\":\"https:\\\/\\\/congebec.com\\\/#organization\"},\"potentialAction\":[{\"@type\":\"SearchAction\",\"target\":{\"@type\":\"EntryPoint\",\"urlTemplate\":\"https:\\\/\\\/congebec.com\\\/?s={search_term_string}\"},\"query-input\":{\"@type\":\"PropertyValueSpecification\",\"valueRequired\":true,\"valueName\":\"search_term_string\"}}],\"inLanguage\":\"en-US\"},{\"@type\":\"Organization\",\"@id\":\"https:\\\/\\\/congebec.com\\\/#organization\",\"name\":\"Congebec\",\"url\":\"https:\\\/\\\/congebec.com\\\/\",\"logo\":{\"@type\":\"ImageObject\",\"inLanguage\":\"en-US\",\"@id\":\"https:\\\/\\\/congebec.com\\\/#\\\/schema\\\/logo\\\/image\\\/\",\"url\":\"https:\\\/\\\/congebec.com\\\/wp-content\\\/uploads\\\/2018\\\/08\\\/V1.png\",\"contentUrl\":\"https:\\\/\\\/congebec.com\\\/wp-content\\\/uploads\\\/2018\\\/08\\\/V1.png\",\"width\":160,\"height\":143,\"caption\":\"Congebec\"},\"image\":{\"@id\":\"https:\\\/\\\/congebec.com\\\/#\\\/schema\\\/logo\\\/image\\\/\"},\"sameAs\":[\"https:\\\/\\\/www.facebook.com\\\/congebec\\\/\",\"https:\\\/\\\/www.linkedin.com\\\/company\\\/congebec\\\/\",\"https:\\\/\\\/en.wikipedia.org\\\/wiki\\\/Congebec_Logistics\"]}]}<\/script>\n<!-- \/ Yoast SEO plugin. -->","yoast_head_json":{"title":"Job Offers - Congebec","robots":{"index":"index","follow":"follow","max-snippet":"max-snippet:-1","max-image-preview":"max-image-preview:large","max-video-preview":"max-video-preview:-1"},"canonical":"https:\/\/congebec.com\/offres-demploi\/","og_locale":"en_US","og_type":"article","og_title":"Job Offers - Congebec","og_description":"Job Offers The job of your dreams is not posted and you would like to join our team? Spontaneous Applications","og_url":"https:\/\/congebec.com\/offres-demploi\/","og_site_name":"Congebec","article_publisher":"https:\/\/www.facebook.com\/congebec\/","article_modified_time":"2024-05-31T15:50:41+00:00","twitter_card":"summary_large_image","twitter_misc":{"Est. reading time":"1 minute"},"schema":{"@context":"https:\/\/schema.org","@graph":[{"@type":"WebPage","@id":"https:\/\/congebec.com\/offres-demploi\/","url":"https:\/\/congebec.com\/offres-demploi\/","name":"Job Offers - Congebec","isPartOf":{"@id":"https:\/\/congebec.com\/#website"},"datePublished":"2024-02-22T20:37:37+00:00","dateModified":"2024-05-31T15:50:41+00:00","breadcrumb":{"@id":"https:\/\/congebec.com\/offres-demploi\/#breadcrumb"},"inLanguage":"en-US","potentialAction":[{"@type":"ReadAction","target":["https:\/\/congebec.com\/offres-demploi\/"]}]},{"@type":"BreadcrumbList","@id":"https:\/\/congebec.com\/offres-demploi\/#breadcrumb","itemListElement":[{"@type":"ListItem","position":1,"name":"Accueil","item":"https:\/\/congebec.com\/"},{"@type":"ListItem","position":2,"name":"Job Offers"}]},{"@type":"WebSite","@id":"https:\/\/congebec.com\/#website","url":"https:\/\/congebec.com\/","name":"Congebec","description":"","publisher":{"@id":"https:\/\/congebec.com\/#organization"},"potentialAction":[{"@type":"SearchAction","target":{"@type":"EntryPoint","urlTemplate":"https:\/\/congebec.com\/?s={search_term_string}"},"query-input":{"@type":"PropertyValueSpecification","valueRequired":true,"valueName":"search_term_string"}}],"inLanguage":"en-US"},{"@type":"Organization","@id":"https:\/\/congebec.com\/#organization","name":"Congebec","url":"https:\/\/congebec.com\/","logo":{"@type":"ImageObject","inLanguage":"en-US","@id":"https:\/\/congebec.com\/#\/schema\/logo\/image\/","url":"https:\/\/congebec.com\/wp-content\/uploads\/2018\/08\/V1.png","contentUrl":"https:\/\/congebec.com\/wp-content\/uploads\/2018\/08\/V1.png","width":160,"height":143,"caption":"Congebec"},"image":{"@id":"https:\/\/congebec.com\/#\/schema\/logo\/image\/"},"sameAs":["https:\/\/www.facebook.com\/congebec\/","https:\/\/www.linkedin.com\/company\/congebec\/","https:\/\/en.wikipedia.org\/wiki\/Congebec_Logistics"]}]}},"_links":{"self":[{"href":"https:\/\/congebec.com\/en\/wp-json\/wp\/v2\/pages\/21665","targetHints":{"allow":["GET"]}}],"collection":[{"href":"https:\/\/congebec.com\/en\/wp-json\/wp\/v2\/pages"}],"about":[{"href":"https:\/\/congebec.com\/en\/wp-json\/wp\/v2\/types\/page"}],"author":[{"embeddable":true,"href":"https:\/\/congebec.com\/en\/wp-json\/wp\/v2\/users\/7"}],"replies":[{"embeddable":true,"href":"https:\/\/congebec.com\/en\/wp-json\/wp\/v2\/comments?post=21665"}],"version-history":[{"count":72,"href":"https:\/\/congebec.com\/en\/wp-json\/wp\/v2\/pages\/21665\/revisions"}],"predecessor-version":[{"id":24580,"href":"https:\/\/congebec.com\/en\/wp-json\/wp\/v2\/pages\/21665\/revisions\/24580"}],"wp:attachment":[{"href":"https:\/\/congebec.com\/en\/wp-json\/wp\/v2\/media?parent=21665"}],"curies":[{"name":"wp","href":"https:\/\/api.w.org\/{rel}","templated":true}]}}