{"id":24954,"date":"2024-06-10T13:37:04","date_gmt":"2024-06-10T17:37:04","guid":{"rendered":"https:\/\/congebec.com\/?page_id=24954"},"modified":"2024-07-08T11:14:19","modified_gmt":"2024-07-08T15:14:19","slug":"sylvain-toutant","status":"publish","type":"page","link":"https:\/\/congebec.com\/en\/sylvain-toutant\/","title":{"rendered":"Sylvain Toutant"},"content":{"rendered":"\t\t<div data-elementor-type=\"wp-page\" data-elementor-id=\"24954\" class=\"elementor elementor-24954 elementor-24693\" data-elementor-post-type=\"page\">\n\t\t\t\t\t\t<section class=\"elementor-section elementor-top-section elementor-element elementor-element-c1e77ed elementor-section-full_width elementor-section-height-min-height elementor-section-stretched elementor-section-height-default elementor-section-items-middle\" data-id=\"c1e77ed\" data-element_type=\"section\" data-e-type=\"section\" data-settings=\"{&quot;stretch_section&quot;:&quot;section-stretched&quot;,&quot;background_background&quot;:&quot;video&quot;,&quot;background_video_link&quot;:&quot;https:\\\/\\\/youtu.be\\\/XE73MzDsc_A&quot;,&quot;background_play_on_mobile&quot;:&quot;yes&quot;}\">\n\t\t\t\t\t\t\t\t<div class=\"elementor-background-video-container\">\n\t\t\t\t\t\t\t\t\t\t\t\t\t<div class=\"elementor-background-video-embed\" role=\"presentation\"><\/div>\n\t\t\t\t\t\t\t\t\t\t\t\t<\/div>\n\t\t\t\t\t\t\t\t<div class=\"elementor-container elementor-column-gap-default\">\n\t\t\t\t\t<div class=\"elementor-column elementor-col-100 elementor-top-column elementor-element elementor-element-6184680\" data-id=\"6184680\" data-element_type=\"column\" data-e-type=\"column\">\n\t\t\t<div class=\"elementor-widget-wrap\">\n\t\t\t\t\t\t\t<\/div>\n\t\t<\/div>\n\t\t\t\t\t<\/div>\n\t\t<\/section>\n\t\t\t\t<section class=\"elementor-section elementor-top-section elementor-element elementor-element-709577f elementor-section-height-min-height elementor-section-boxed elementor-section-height-default elementor-section-items-middle\" data-id=\"709577f\" data-element_type=\"section\" data-e-type=\"section\" data-settings=\"{&quot;background_background&quot;:&quot;classic&quot;}\">\n\t\t\t\t\t\t<div class=\"elementor-container elementor-column-gap-default\">\n\t\t\t\t\t<div class=\"elementor-column elementor-col-100 elementor-top-column elementor-element elementor-element-04c97d7\" data-id=\"04c97d7\" data-element_type=\"column\" data-e-type=\"column\">\n\t\t\t<div class=\"elementor-widget-wrap\">\n\t\t\t\t\t\t\t<\/div>\n\t\t<\/div>\n\t\t\t\t\t<\/div>\n\t\t<\/section>\n\t\t\t\t<section class=\"elementor-section elementor-top-section elementor-element elementor-element-ffd6211 elementor-section-boxed elementor-section-height-default elementor-section-height-default\" data-id=\"ffd6211\" data-element_type=\"section\" data-e-type=\"section\" data-settings=\"{&quot;background_background&quot;:&quot;classic&quot;}\">\n\t\t\t\t\t\t<div class=\"elementor-container elementor-column-gap-default\">\n\t\t\t\t\t<div class=\"elementor-column elementor-col-100 elementor-top-column elementor-element elementor-element-712a99e\" data-id=\"712a99e\" data-element_type=\"column\" data-e-type=\"column\">\n\t\t\t<div class=\"elementor-widget-wrap elementor-element-populated\">\n\t\t\t\t\t\t<div class=\"elementor-element elementor-element-3f7f1d6 elementor-widget elementor-widget-heading\" data-id=\"3f7f1d6\" data-element_type=\"widget\" data-e-type=\"widget\" data-widget_type=\"heading.default\">\n\t\t\t\t<div class=\"elementor-widget-container\">\n\t\t\t\t\t<h2 class=\"elementor-heading-title elementor-size-default\">Board of Directors<\/h2>\t\t\t\t<\/div>\n\t\t\t\t<\/div>\n\t\t\t\t\t<\/div>\n\t\t<\/div>\n\t\t\t\t\t<\/div>\n\t\t<\/section>\n\t\t\t\t<section class=\"elementor-section elementor-top-section elementor-element elementor-element-f7dfdca elementor-section-boxed elementor-section-height-default elementor-section-height-default\" data-id=\"f7dfdca\" data-element_type=\"section\" data-e-type=\"section\" data-settings=\"{&quot;background_background&quot;:&quot;classic&quot;}\">\n\t\t\t\t\t\t<div class=\"elementor-container elementor-column-gap-default\">\n\t\t\t\t\t<div class=\"elementor-column elementor-col-50 elementor-top-column elementor-element elementor-element-0c0263f\" data-id=\"0c0263f\" data-element_type=\"column\" data-e-type=\"column\">\n\t\t\t<div class=\"elementor-widget-wrap elementor-element-populated\">\n\t\t\t\t\t\t<div class=\"elementor-element elementor-element-c0f0c92 elementor-widget elementor-widget-image\" data-id=\"c0f0c92\" data-element_type=\"widget\" data-e-type=\"widget\" data-widget_type=\"image.default\">\n\t\t\t\t<div class=\"elementor-widget-container\">\n\t\t\t\t\t\t\t\t\t\t\t\t\t\t\t<img fetchpriority=\"high\" decoding=\"async\" width=\"768\" height=\"1024\" src=\"https:\/\/congebec.com\/wp-content\/uploads\/2024\/06\/20240516_SylvainToutant-1080x1440-72-768x1024.jpg\" class=\"attachment-large size-large wp-image-24659\" alt=\"\" srcset=\"https:\/\/congebec.com\/wp-content\/uploads\/2024\/06\/20240516_SylvainToutant-1080x1440-72-768x1024.jpg 768w, https:\/\/congebec.com\/wp-content\/uploads\/2024\/06\/20240516_SylvainToutant-1080x1440-72-225x300.jpg 225w, https:\/\/congebec.com\/wp-content\/uploads\/2024\/06\/20240516_SylvainToutant-1080x1440-72-113x150.jpg 113w, https:\/\/congebec.com\/wp-content\/uploads\/2024\/06\/20240516_SylvainToutant-1080x1440-72-900x1200.jpg 900w, https:\/\/congebec.com\/wp-content\/uploads\/2024\/06\/20240516_SylvainToutant-1080x1440-72-720x960.jpg 720w, https:\/\/congebec.com\/wp-content\/uploads\/2024\/06\/20240516_SylvainToutant-1080x1440-72.jpg 1080w\" sizes=\"(max-width: 768px) 100vw, 768px\" \/>\t\t\t\t\t\t\t\t\t\t\t\t\t\t\t<\/div>\n\t\t\t\t<\/div>\n\t\t\t\t\t<\/div>\n\t\t<\/div>\n\t\t\t\t<div class=\"elementor-column elementor-col-50 elementor-top-column elementor-element elementor-element-a892329\" data-id=\"a892329\" data-element_type=\"column\" data-e-type=\"column\">\n\t\t\t<div class=\"elementor-widget-wrap elementor-element-populated\">\n\t\t\t\t\t\t<div class=\"elementor-element elementor-element-eac9ee0 elementor-widget elementor-widget-heading\" data-id=\"eac9ee0\" data-element_type=\"widget\" data-e-type=\"widget\" data-widget_type=\"heading.default\">\n\t\t\t\t<div class=\"elementor-widget-container\">\n\t\t\t\t\t<h2 class=\"elementor-heading-title elementor-size-default\">Sylvain Toutant<\/h2>\t\t\t\t<\/div>\n\t\t\t\t<\/div>\n\t\t\t\t<div class=\"elementor-element elementor-element-003e4de elementor-widget elementor-widget-heading\" data-id=\"003e4de\" data-element_type=\"widget\" data-e-type=\"widget\" data-widget_type=\"heading.default\">\n\t\t\t\t<div class=\"elementor-widget-container\">\n\t\t\t\t\t<h6 class=\"elementor-heading-title elementor-size-default\">Chairman of the Governance and<br>Human Resources Committee<\/h6>\t\t\t\t<\/div>\n\t\t\t\t<\/div>\n\t\t\t\t<div class=\"elementor-element elementor-element-fdbe7b1 elementor-widget elementor-widget-text-editor\" data-id=\"fdbe7b1\" data-element_type=\"widget\" data-e-type=\"widget\" data-widget_type=\"text-editor.default\">\n\t\t\t\t<div class=\"elementor-widget-container\">\n\t\t\t\t\t\t\t\t\t<p style=\"text-align: Justify;\">A graduate in administration from UQTR, Sylvain Toutant began his career with GM Canada and Publicit\u00e9 Martin. In 1987, he joined Groupe Val Royal, and in 1992 helped launch R\u00e9no-D\u00e9p\u00f4t as Director of Advertising and Marketing. He became Vice-President of Marketing in 1994, then President and CEO in 2001. That same year, he was named one of Canada&#8217;s \u201cTop 40 Under 40\u201d.<\/p>\n<p style=\"text-align: Justify;\">Following RONA&#8217;s acquisition of R\u00e9no-D\u00e9p\u00f4t in 2003, he headed up the Soci\u00e9t\u00e9 des alcools du Qu\u00e9bec from 2004 to 2008, then became President of Van Houtte from 2008 to 2012, followed by Keurig Green Mountain Coffee Roasters from 2012 to 2014. Sylvain then became President and CEO of DavidsTEA from 2014 to 2017. He also chairs the Board of Directors of Duchesne et Fils, and sits on the boards of Cl\u00f4tures Frontenac, Chocolats Favoris, and DMB Distribution. He is also a shareholder and board member of the 49th Parallel Coffee Roaster in Vancouver.<\/p>\n<p style=\"text-align: Justify;\">Sylvain Toutant is also a coach at the \u00c9cole d&#8217;Entrepreneurship de Beauce. At Congebec, he sits on the Board of Directors and chairs the Governance and Human Resources Committee.<\/p>\n<a href=\"https:\/\/congebec.com\/en\/board-of-directors\/\"><img decoding=\"async\" class=\"alignnone wp-image-24733 alignleft\" title=\"Retour \u00e0 la page pr\u00e9c\u00e9dente\" src=\"https:\/\/congebec.com\/wp-content\/uploads\/2024\/06\/Logo-Retour-150x150.png\" alt=\"\" width=\"67\" height=\"67\" srcset=\"https:\/\/congebec.com\/wp-content\/uploads\/2024\/06\/Logo-Retour-150x150.png 150w, https:\/\/congebec.com\/wp-content\/uploads\/2024\/06\/Logo-Retour-300x300.png 300w, https:\/\/congebec.com\/wp-content\/uploads\/2024\/06\/Logo-Retour-50x50.png 50w, https:\/\/congebec.com\/wp-content\/uploads\/2024\/06\/Logo-Retour.png 316w\" sizes=\"(max-width: 67px) 100vw, 67px\" \/><\/a>\t\t\t\t\t\t\t\t<\/div>\n\t\t\t\t<\/div>\n\t\t\t\t\t<\/div>\n\t\t<\/div>\n\t\t\t\t\t<\/div>\n\t\t<\/section>\n\t\t\t\t<\/div>\n\t\t","protected":false},"excerpt":{"rendered":"<p>Board of Directors Sylvain Toutant Chairman of the Governance andHuman Resources Committee A graduate in administration from UQTR, Sylvain Toutant began his career with GM Canada and Publicit\u00e9 Martin. In 1987, he joined Groupe Val Royal, and in 1992 helped launch R\u00e9no-D\u00e9p\u00f4t as Director of Advertising and Marketing. He became Vice-President of Marketing in 1994, [&hellip;]<\/p>\n","protected":false},"author":2,"featured_media":0,"parent":0,"menu_order":0,"comment_status":"closed","ping_status":"open","template":"template-slideshow.php","meta":{"_acf_changed":false,"_monsterinsights_skip_tracking":false,"_monsterinsights_sitenote_active":false,"_monsterinsights_sitenote_note":"","_monsterinsights_sitenote_category":0,"footnotes":""},"class_list":["post-24954","page","type-page","status-publish","hentry"],"acf":[],"yoast_head":"<!-- This site is optimized with the Yoast SEO plugin v27.1.1 - https:\/\/yoast.com\/product\/yoast-seo-wordpress\/ -->\n<title>Sylvain Toutant - Congebec<\/title>\n<meta name=\"robots\" content=\"index, follow, max-snippet:-1, max-image-preview:large, max-video-preview:-1\" \/>\n<link rel=\"canonical\" href=\"https:\/\/congebec.com\/sylvain-toutant\/\" \/>\n<meta property=\"og:locale\" content=\"en_US\" \/>\n<meta property=\"og:type\" content=\"article\" \/>\n<meta property=\"og:title\" content=\"Sylvain Toutant - Congebec\" \/>\n<meta property=\"og:description\" content=\"Board of Directors Sylvain Toutant Chairman of the Governance andHuman Resources Committee A graduate in administration from UQTR, Sylvain Toutant began his career with GM Canada and Publicit\u00e9 Martin. In 1987, he joined Groupe Val Royal, and in 1992 helped launch R\u00e9no-D\u00e9p\u00f4t as Director of Advertising and Marketing. He became Vice-President of Marketing in 1994, [&hellip;]\" \/>\n<meta property=\"og:url\" content=\"https:\/\/congebec.com\/sylvain-toutant\/\" \/>\n<meta property=\"og:site_name\" content=\"Congebec\" \/>\n<meta property=\"article:publisher\" content=\"https:\/\/www.facebook.com\/congebec\/\" \/>\n<meta property=\"article:modified_time\" content=\"2024-07-08T15:14:19+00:00\" \/>\n<meta property=\"og:image\" content=\"https:\/\/congebec.com\/wp-content\/uploads\/2024\/06\/20240516_SylvainToutant-1080x1440-72-768x1024.jpg\" \/>\n<meta name=\"twitter:card\" content=\"summary_large_image\" \/>\n<meta name=\"twitter:label1\" content=\"Est. reading time\" \/>\n\t<meta name=\"twitter:data1\" content=\"2 minutes\" \/>\n<script type=\"application\/ld+json\" class=\"yoast-schema-graph\">{\"@context\":\"https:\/\/schema.org\",\"@graph\":[{\"@type\":\"WebPage\",\"@id\":\"https:\/\/congebec.com\/sylvain-toutant\/\",\"url\":\"https:\/\/congebec.com\/sylvain-toutant\/\",\"name\":\"Sylvain Toutant - Congebec\",\"isPartOf\":{\"@id\":\"https:\/\/congebec.com\/#website\"},\"primaryImageOfPage\":{\"@id\":\"https:\/\/congebec.com\/sylvain-toutant\/#primaryimage\"},\"image\":{\"@id\":\"https:\/\/congebec.com\/sylvain-toutant\/#primaryimage\"},\"thumbnailUrl\":\"https:\/\/congebec.com\/wp-content\/uploads\/2024\/06\/20240516_SylvainToutant-1080x1440-72-768x1024.jpg\",\"datePublished\":\"2024-06-10T17:37:04+00:00\",\"dateModified\":\"2024-07-08T15:14:19+00:00\",\"breadcrumb\":{\"@id\":\"https:\/\/congebec.com\/sylvain-toutant\/#breadcrumb\"},\"inLanguage\":\"en-US\",\"potentialAction\":[{\"@type\":\"ReadAction\",\"target\":[\"https:\/\/congebec.com\/sylvain-toutant\/\"]}]},{\"@type\":\"ImageObject\",\"inLanguage\":\"en-US\",\"@id\":\"https:\/\/congebec.com\/sylvain-toutant\/#primaryimage\",\"url\":\"https:\/\/congebec.com\/wp-content\/uploads\/2024\/06\/20240516_SylvainToutant-1080x1440-72-768x1024.jpg\",\"contentUrl\":\"https:\/\/congebec.com\/wp-content\/uploads\/2024\/06\/20240516_SylvainToutant-1080x1440-72-768x1024.jpg\"},{\"@type\":\"BreadcrumbList\",\"@id\":\"https:\/\/congebec.com\/sylvain-toutant\/#breadcrumb\",\"itemListElement\":[{\"@type\":\"ListItem\",\"position\":1,\"name\":\"Accueil\",\"item\":\"https:\/\/congebec.com\/\"},{\"@type\":\"ListItem\",\"position\":2,\"name\":\"Sylvain Toutant\"}]},{\"@type\":\"WebSite\",\"@id\":\"https:\/\/congebec.com\/#website\",\"url\":\"https:\/\/congebec.com\/\",\"name\":\"Congebec\",\"description\":\"\",\"publisher\":{\"@id\":\"https:\/\/congebec.com\/#organization\"},\"potentialAction\":[{\"@type\":\"SearchAction\",\"target\":{\"@type\":\"EntryPoint\",\"urlTemplate\":\"https:\/\/congebec.com\/?s={search_term_string}\"},\"query-input\":{\"@type\":\"PropertyValueSpecification\",\"valueRequired\":true,\"valueName\":\"search_term_string\"}}],\"inLanguage\":\"en-US\"},{\"@type\":\"Organization\",\"@id\":\"https:\/\/congebec.com\/#organization\",\"name\":\"Congebec\",\"url\":\"https:\/\/congebec.com\/\",\"logo\":{\"@type\":\"ImageObject\",\"inLanguage\":\"en-US\",\"@id\":\"https:\/\/congebec.com\/#\/schema\/logo\/image\/\",\"url\":\"https:\/\/congebec.com\/wp-content\/uploads\/2018\/08\/V1.png\",\"contentUrl\":\"https:\/\/congebec.com\/wp-content\/uploads\/2018\/08\/V1.png\",\"width\":160,\"height\":143,\"caption\":\"Congebec\"},\"image\":{\"@id\":\"https:\/\/congebec.com\/#\/schema\/logo\/image\/\"},\"sameAs\":[\"https:\/\/www.facebook.com\/congebec\/\",\"https:\/\/www.linkedin.com\/company\/congebec\/\",\"https:\/\/en.wikipedia.org\/wiki\/Congebec_Logistics\"]}]}<\/script>\n<!-- \/ Yoast SEO plugin. -->","yoast_head_json":{"title":"Sylvain Toutant - Congebec","robots":{"index":"index","follow":"follow","max-snippet":"max-snippet:-1","max-image-preview":"max-image-preview:large","max-video-preview":"max-video-preview:-1"},"canonical":"https:\/\/congebec.com\/sylvain-toutant\/","og_locale":"en_US","og_type":"article","og_title":"Sylvain Toutant - Congebec","og_description":"Board of Directors Sylvain Toutant Chairman of the Governance andHuman Resources Committee A graduate in administration from UQTR, Sylvain Toutant began his career with GM Canada and Publicit\u00e9 Martin. In 1987, he joined Groupe Val Royal, and in 1992 helped launch R\u00e9no-D\u00e9p\u00f4t as Director of Advertising and Marketing. He became Vice-President of Marketing in 1994, [&hellip;]","og_url":"https:\/\/congebec.com\/sylvain-toutant\/","og_site_name":"Congebec","article_publisher":"https:\/\/www.facebook.com\/congebec\/","article_modified_time":"2024-07-08T15:14:19+00:00","og_image":[{"url":"https:\/\/congebec.com\/wp-content\/uploads\/2024\/06\/20240516_SylvainToutant-1080x1440-72-768x1024.jpg","type":"","width":"","height":""}],"twitter_card":"summary_large_image","twitter_misc":{"Est. reading time":"2 minutes"},"schema":{"@context":"https:\/\/schema.org","@graph":[{"@type":"WebPage","@id":"https:\/\/congebec.com\/sylvain-toutant\/","url":"https:\/\/congebec.com\/sylvain-toutant\/","name":"Sylvain Toutant - Congebec","isPartOf":{"@id":"https:\/\/congebec.com\/#website"},"primaryImageOfPage":{"@id":"https:\/\/congebec.com\/sylvain-toutant\/#primaryimage"},"image":{"@id":"https:\/\/congebec.com\/sylvain-toutant\/#primaryimage"},"thumbnailUrl":"https:\/\/congebec.com\/wp-content\/uploads\/2024\/06\/20240516_SylvainToutant-1080x1440-72-768x1024.jpg","datePublished":"2024-06-10T17:37:04+00:00","dateModified":"2024-07-08T15:14:19+00:00","breadcrumb":{"@id":"https:\/\/congebec.com\/sylvain-toutant\/#breadcrumb"},"inLanguage":"en-US","potentialAction":[{"@type":"ReadAction","target":["https:\/\/congebec.com\/sylvain-toutant\/"]}]},{"@type":"ImageObject","inLanguage":"en-US","@id":"https:\/\/congebec.com\/sylvain-toutant\/#primaryimage","url":"https:\/\/congebec.com\/wp-content\/uploads\/2024\/06\/20240516_SylvainToutant-1080x1440-72-768x1024.jpg","contentUrl":"https:\/\/congebec.com\/wp-content\/uploads\/2024\/06\/20240516_SylvainToutant-1080x1440-72-768x1024.jpg"},{"@type":"BreadcrumbList","@id":"https:\/\/congebec.com\/sylvain-toutant\/#breadcrumb","itemListElement":[{"@type":"ListItem","position":1,"name":"Accueil","item":"https:\/\/congebec.com\/"},{"@type":"ListItem","position":2,"name":"Sylvain Toutant"}]},{"@type":"WebSite","@id":"https:\/\/congebec.com\/#website","url":"https:\/\/congebec.com\/","name":"Congebec","description":"","publisher":{"@id":"https:\/\/congebec.com\/#organization"},"potentialAction":[{"@type":"SearchAction","target":{"@type":"EntryPoint","urlTemplate":"https:\/\/congebec.com\/?s={search_term_string}"},"query-input":{"@type":"PropertyValueSpecification","valueRequired":true,"valueName":"search_term_string"}}],"inLanguage":"en-US"},{"@type":"Organization","@id":"https:\/\/congebec.com\/#organization","name":"Congebec","url":"https:\/\/congebec.com\/","logo":{"@type":"ImageObject","inLanguage":"en-US","@id":"https:\/\/congebec.com\/#\/schema\/logo\/image\/","url":"https:\/\/congebec.com\/wp-content\/uploads\/2018\/08\/V1.png","contentUrl":"https:\/\/congebec.com\/wp-content\/uploads\/2018\/08\/V1.png","width":160,"height":143,"caption":"Congebec"},"image":{"@id":"https:\/\/congebec.com\/#\/schema\/logo\/image\/"},"sameAs":["https:\/\/www.facebook.com\/congebec\/","https:\/\/www.linkedin.com\/company\/congebec\/","https:\/\/en.wikipedia.org\/wiki\/Congebec_Logistics"]}]}},"_links":{"self":[{"href":"https:\/\/congebec.com\/en\/wp-json\/wp\/v2\/pages\/24954","targetHints":{"allow":["GET"]}}],"collection":[{"href":"https:\/\/congebec.com\/en\/wp-json\/wp\/v2\/pages"}],"about":[{"href":"https:\/\/congebec.com\/en\/wp-json\/wp\/v2\/types\/page"}],"author":[{"embeddable":true,"href":"https:\/\/congebec.com\/en\/wp-json\/wp\/v2\/users\/2"}],"replies":[{"embeddable":true,"href":"https:\/\/congebec.com\/en\/wp-json\/wp\/v2\/comments?post=24954"}],"version-history":[{"count":16,"href":"https:\/\/congebec.com\/en\/wp-json\/wp\/v2\/pages\/24954\/revisions"}],"predecessor-version":[{"id":26130,"href":"https:\/\/congebec.com\/en\/wp-json\/wp\/v2\/pages\/24954\/revisions\/26130"}],"wp:attachment":[{"href":"https:\/\/congebec.com\/en\/wp-json\/wp\/v2\/media?parent=24954"}],"curies":[{"name":"wp","href":"https:\/\/api.w.org\/{rel}","templated":true}]}}