{"id":24998,"date":"2024-06-10T15:18:48","date_gmt":"2024-06-10T19:18:48","guid":{"rendered":"https:\/\/congebec.com\/?page_id=24998"},"modified":"2025-11-25T10:28:18","modified_gmt":"2025-11-25T15:28:18","slug":"gerard-geoffrion","status":"publish","type":"page","link":"https:\/\/congebec.com\/en\/gerard-geoffrion\/","title":{"rendered":"G\u00e9rard Geoffrion"},"content":{"rendered":"\t\t<div data-elementor-type=\"wp-page\" data-elementor-id=\"24998\" class=\"elementor elementor-24998 elementor-24783\" data-elementor-post-type=\"page\">\n\t\t\t\t\t\t<section class=\"elementor-section elementor-top-section elementor-element elementor-element-c1e77ed elementor-section-full_width elementor-section-height-min-height elementor-section-stretched elementor-section-height-default elementor-section-items-middle\" data-id=\"c1e77ed\" data-element_type=\"section\" data-e-type=\"section\" data-settings=\"{&quot;stretch_section&quot;:&quot;section-stretched&quot;,&quot;background_background&quot;:&quot;video&quot;,&quot;background_video_link&quot;:&quot;https:\\\/\\\/youtu.be\\\/XE73MzDsc_A&quot;,&quot;background_play_on_mobile&quot;:&quot;yes&quot;}\">\n\t\t\t\t\t\t\t\t<div class=\"elementor-background-video-container\">\n\t\t\t\t\t\t\t\t\t\t\t\t\t<div class=\"elementor-background-video-embed\" role=\"presentation\"><\/div>\n\t\t\t\t\t\t\t\t\t\t\t\t<\/div>\n\t\t\t\t\t\t\t\t<div class=\"elementor-container elementor-column-gap-default\">\n\t\t\t\t\t<div class=\"elementor-column elementor-col-100 elementor-top-column elementor-element elementor-element-6184680\" data-id=\"6184680\" data-element_type=\"column\" data-e-type=\"column\">\n\t\t\t<div class=\"elementor-widget-wrap\">\n\t\t\t\t\t\t\t<\/div>\n\t\t<\/div>\n\t\t\t\t\t<\/div>\n\t\t<\/section>\n\t\t\t\t<section class=\"elementor-section elementor-top-section elementor-element elementor-element-709577f elementor-section-height-min-height elementor-section-boxed elementor-section-height-default elementor-section-items-middle\" data-id=\"709577f\" data-element_type=\"section\" data-e-type=\"section\" data-settings=\"{&quot;background_background&quot;:&quot;classic&quot;}\">\n\t\t\t\t\t\t<div class=\"elementor-container elementor-column-gap-default\">\n\t\t\t\t\t<div class=\"elementor-column elementor-col-100 elementor-top-column elementor-element elementor-element-04c97d7\" data-id=\"04c97d7\" data-element_type=\"column\" data-e-type=\"column\">\n\t\t\t<div class=\"elementor-widget-wrap\">\n\t\t\t\t\t\t\t<\/div>\n\t\t<\/div>\n\t\t\t\t\t<\/div>\n\t\t<\/section>\n\t\t\t\t<section class=\"elementor-section elementor-top-section elementor-element elementor-element-ffd6211 elementor-section-boxed elementor-section-height-default elementor-section-height-default\" data-id=\"ffd6211\" data-element_type=\"section\" data-e-type=\"section\" data-settings=\"{&quot;background_background&quot;:&quot;classic&quot;}\">\n\t\t\t\t\t\t<div class=\"elementor-container elementor-column-gap-default\">\n\t\t\t\t\t<div class=\"elementor-column elementor-col-100 elementor-top-column elementor-element elementor-element-712a99e\" data-id=\"712a99e\" data-element_type=\"column\" data-e-type=\"column\">\n\t\t\t<div class=\"elementor-widget-wrap elementor-element-populated\">\n\t\t\t\t\t\t<div class=\"elementor-element elementor-element-3f7f1d6 elementor-widget elementor-widget-heading\" data-id=\"3f7f1d6\" data-element_type=\"widget\" data-e-type=\"widget\" data-widget_type=\"heading.default\">\n\t\t\t\t<div class=\"elementor-widget-container\">\n\t\t\t\t\t<h2 class=\"elementor-heading-title elementor-size-default\">Board of Directors<\/h2>\t\t\t\t<\/div>\n\t\t\t\t<\/div>\n\t\t\t\t\t<\/div>\n\t\t<\/div>\n\t\t\t\t\t<\/div>\n\t\t<\/section>\n\t\t\t\t<section class=\"elementor-section elementor-top-section elementor-element elementor-element-f7dfdca elementor-section-boxed elementor-section-height-default elementor-section-height-default\" data-id=\"f7dfdca\" data-element_type=\"section\" data-e-type=\"section\" data-settings=\"{&quot;background_background&quot;:&quot;classic&quot;}\">\n\t\t\t\t\t\t<div class=\"elementor-container elementor-column-gap-default\">\n\t\t\t\t\t<div class=\"elementor-column elementor-col-50 elementor-top-column elementor-element elementor-element-0c0263f\" data-id=\"0c0263f\" data-element_type=\"column\" data-e-type=\"column\">\n\t\t\t<div class=\"elementor-widget-wrap elementor-element-populated\">\n\t\t\t\t\t\t<div class=\"elementor-element elementor-element-c0f0c92 elementor-widget elementor-widget-image\" data-id=\"c0f0c92\" data-element_type=\"widget\" data-e-type=\"widget\" data-widget_type=\"image.default\">\n\t\t\t\t<div class=\"elementor-widget-container\">\n\t\t\t\t\t\t\t\t\t\t\t\t\t\t\t<img fetchpriority=\"high\" decoding=\"async\" width=\"768\" height=\"1024\" src=\"https:\/\/congebec.com\/wp-content\/uploads\/2024\/06\/20240516_GerardGeoffrion-1080x1440-72-768x1024.jpg\" class=\"attachment-large size-large wp-image-24651\" alt=\"\" srcset=\"https:\/\/congebec.com\/wp-content\/uploads\/2024\/06\/20240516_GerardGeoffrion-1080x1440-72-768x1024.jpg 768w, https:\/\/congebec.com\/wp-content\/uploads\/2024\/06\/20240516_GerardGeoffrion-1080x1440-72-225x300.jpg 225w, https:\/\/congebec.com\/wp-content\/uploads\/2024\/06\/20240516_GerardGeoffrion-1080x1440-72-113x150.jpg 113w, https:\/\/congebec.com\/wp-content\/uploads\/2024\/06\/20240516_GerardGeoffrion-1080x1440-72-900x1200.jpg 900w, https:\/\/congebec.com\/wp-content\/uploads\/2024\/06\/20240516_GerardGeoffrion-1080x1440-72-720x960.jpg 720w, https:\/\/congebec.com\/wp-content\/uploads\/2024\/06\/20240516_GerardGeoffrion-1080x1440-72.jpg 1080w\" sizes=\"(max-width: 768px) 100vw, 768px\" \/>\t\t\t\t\t\t\t\t\t\t\t\t\t\t\t<\/div>\n\t\t\t\t<\/div>\n\t\t\t\t\t<\/div>\n\t\t<\/div>\n\t\t\t\t<div class=\"elementor-column elementor-col-50 elementor-top-column elementor-element elementor-element-a892329\" data-id=\"a892329\" data-element_type=\"column\" data-e-type=\"column\">\n\t\t\t<div class=\"elementor-widget-wrap elementor-element-populated\">\n\t\t\t\t\t\t<div class=\"elementor-element elementor-element-eac9ee0 elementor-widget elementor-widget-heading\" data-id=\"eac9ee0\" data-element_type=\"widget\" data-e-type=\"widget\" data-widget_type=\"heading.default\">\n\t\t\t\t<div class=\"elementor-widget-container\">\n\t\t\t\t\t<h2 class=\"elementor-heading-title elementor-size-default\">G\u00e9rard Geoffrion<\/h2>\t\t\t\t<\/div>\n\t\t\t\t<\/div>\n\t\t\t\t<div class=\"elementor-element elementor-element-003e4de elementor-widget elementor-widget-heading\" data-id=\"003e4de\" data-element_type=\"widget\" data-e-type=\"widget\" data-widget_type=\"heading.default\">\n\t\t\t\t<div class=\"elementor-widget-container\">\n\t\t\t\t\t<h6 class=\"elementor-heading-title elementor-size-default\">Chairman of the Board since 2025<br>\nChairman of the Audit and Risk Management Committee<\/h6>\t\t\t\t<\/div>\n\t\t\t\t<\/div>\n\t\t\t\t<div class=\"elementor-element elementor-element-fdbe7b1 elementor-widget elementor-widget-text-editor\" data-id=\"fdbe7b1\" data-element_type=\"widget\" data-e-type=\"widget\" data-widget_type=\"text-editor.default\">\n\t\t\t\t<div class=\"elementor-widget-container\">\n\t\t\t\t\t\t\t\t\t<p style=\"text-align: Justify;\">G\u00e9rard Geoffrion graduated in Industrial Engineering from \u00c9cole polytechnique de Montr\u00e9al in 1974, and obtained his MBA in 1982. He then worked for a dozen years in strategic planning, acquisitions and corporate sales. Among others, he worked for Nouveler and Unigesco, the latter specializing in distribution, retail and food.<\/p>\n<p style=\"text-align: Justify;\">G\u00e9rard Geoffrion then spent 20 years with Van Houtte. In 1995, he joined the company as Vice President, Corporate Development. Two years later, he was appointed Executive Vice-President and Chief Financial Officer. Following the privatization of Van Houtte, he became President and CEO in 2008. Under his presidency, Van Houtte was sold to Green Mountain Coffee Roasters (GMCR) for $915 million, following rapid sales growth.<\/p>\n<p style=\"text-align: Justify;\">In 2010, G\u00e9rard assumes the presidency of GMCR Canada. In October 2012, he became GMCR&#8217;s President, International Development.<\/p>\n<p style=\"text-align: Justify;\">G\u00e9rard retired at the end of 2014, and qualified as an IAS director. Since then, he has served on numerous boards, including Congebec, where he is Chairman of the Audit and Risk Management Committee. He is also Chairman of the Board of CIMA+ and Sacs Frontenac, and sits on the Advisory Boards of Prograin and Intersand. He is also actively involved with the Centre Yvon-Deschamps as director and treasurer.<\/p>\n<a href=\"https:\/\/congebec.com\/en\/board-of-directors\/\"><img decoding=\"async\" class=\"alignnone wp-image-24733 alignleft\" title=\"Retour \u00e0 la page pr\u00e9c\u00e9dente\" src=\"https:\/\/congebec.com\/wp-content\/uploads\/2024\/06\/Logo-Retour-150x150.png\" alt=\"\" width=\"67\" height=\"67\" srcset=\"https:\/\/congebec.com\/wp-content\/uploads\/2024\/06\/Logo-Retour-150x150.png 150w, https:\/\/congebec.com\/wp-content\/uploads\/2024\/06\/Logo-Retour-300x300.png 300w, https:\/\/congebec.com\/wp-content\/uploads\/2024\/06\/Logo-Retour-50x50.png 50w, https:\/\/congebec.com\/wp-content\/uploads\/2024\/06\/Logo-Retour.png 316w\" sizes=\"(max-width: 67px) 100vw, 67px\" \/><\/a>\t\t\t\t\t\t\t\t<\/div>\n\t\t\t\t<\/div>\n\t\t\t\t\t<\/div>\n\t\t<\/div>\n\t\t\t\t\t<\/div>\n\t\t<\/section>\n\t\t\t\t<\/div>\n\t\t","protected":false},"excerpt":{"rendered":"<p>Board of Directors G\u00e9rard Geoffrion Chairman of the Board since 2025 Chairman of the Audit and Risk Management Committee G\u00e9rard Geoffrion graduated in Industrial Engineering from \u00c9cole polytechnique de Montr\u00e9al in 1974, and obtained his MBA in 1982. He then worked for a dozen years in strategic planning, acquisitions and corporate sales. Among others, he [&hellip;]<\/p>\n","protected":false},"author":2,"featured_media":0,"parent":0,"menu_order":0,"comment_status":"closed","ping_status":"open","template":"template-slideshow.php","meta":{"_acf_changed":false,"_monsterinsights_skip_tracking":false,"_monsterinsights_sitenote_active":false,"_monsterinsights_sitenote_note":"","_monsterinsights_sitenote_category":0,"footnotes":""},"class_list":["post-24998","page","type-page","status-publish","hentry"],"acf":[],"yoast_head":"<!-- This site is optimized with the Yoast SEO plugin v27.3 - https:\/\/yoast.com\/product\/yoast-seo-wordpress\/ -->\n<title>G\u00e9rard Geoffrion - Congebec<\/title>\n<meta name=\"robots\" content=\"index, follow, max-snippet:-1, max-image-preview:large, max-video-preview:-1\" \/>\n<link rel=\"canonical\" href=\"https:\/\/congebec.com\/gerard-geoffrion\/\" \/>\n<meta property=\"og:locale\" content=\"en_US\" \/>\n<meta property=\"og:type\" content=\"article\" \/>\n<meta property=\"og:title\" content=\"G\u00e9rard Geoffrion - Congebec\" \/>\n<meta property=\"og:description\" content=\"Board of Directors G\u00e9rard Geoffrion Chairman of the Board since 2025 Chairman of the Audit and Risk Management Committee G\u00e9rard Geoffrion graduated in Industrial Engineering from \u00c9cole polytechnique de Montr\u00e9al in 1974, and obtained his MBA in 1982. He then worked for a dozen years in strategic planning, acquisitions and corporate sales. Among others, he [&hellip;]\" \/>\n<meta property=\"og:url\" content=\"https:\/\/congebec.com\/gerard-geoffrion\/\" \/>\n<meta property=\"og:site_name\" content=\"Congebec\" \/>\n<meta property=\"article:publisher\" content=\"https:\/\/www.facebook.com\/congebec\/\" \/>\n<meta property=\"article:modified_time\" content=\"2025-11-25T15:28:18+00:00\" \/>\n<meta property=\"og:image\" content=\"https:\/\/congebec.com\/wp-content\/uploads\/2024\/06\/20240516_GerardGeoffrion-1080x1440-72.jpg\" \/>\n\t<meta property=\"og:image:width\" content=\"1080\" \/>\n\t<meta property=\"og:image:height\" content=\"1440\" \/>\n\t<meta property=\"og:image:type\" content=\"image\/jpeg\" \/>\n<meta name=\"twitter:card\" content=\"summary_large_image\" \/>\n<meta name=\"twitter:label1\" content=\"Est. reading time\" \/>\n\t<meta name=\"twitter:data1\" content=\"2 minutes\" \/>\n<script type=\"application\/ld+json\" class=\"yoast-schema-graph\">{\"@context\":\"https:\\\/\\\/schema.org\",\"@graph\":[{\"@type\":\"WebPage\",\"@id\":\"https:\\\/\\\/congebec.com\\\/gerard-geoffrion\\\/\",\"url\":\"https:\\\/\\\/congebec.com\\\/gerard-geoffrion\\\/\",\"name\":\"G\u00e9rard Geoffrion - Congebec\",\"isPartOf\":{\"@id\":\"https:\\\/\\\/congebec.com\\\/#website\"},\"primaryImageOfPage\":{\"@id\":\"https:\\\/\\\/congebec.com\\\/gerard-geoffrion\\\/#primaryimage\"},\"image\":{\"@id\":\"https:\\\/\\\/congebec.com\\\/gerard-geoffrion\\\/#primaryimage\"},\"thumbnailUrl\":\"https:\\\/\\\/congebec.com\\\/wp-content\\\/uploads\\\/2024\\\/06\\\/20240516_GerardGeoffrion-1080x1440-72-768x1024.jpg\",\"datePublished\":\"2024-06-10T19:18:48+00:00\",\"dateModified\":\"2025-11-25T15:28:18+00:00\",\"breadcrumb\":{\"@id\":\"https:\\\/\\\/congebec.com\\\/gerard-geoffrion\\\/#breadcrumb\"},\"inLanguage\":\"en-US\",\"potentialAction\":[{\"@type\":\"ReadAction\",\"target\":[\"https:\\\/\\\/congebec.com\\\/gerard-geoffrion\\\/\"]}]},{\"@type\":\"ImageObject\",\"inLanguage\":\"en-US\",\"@id\":\"https:\\\/\\\/congebec.com\\\/gerard-geoffrion\\\/#primaryimage\",\"url\":\"https:\\\/\\\/congebec.com\\\/wp-content\\\/uploads\\\/2024\\\/06\\\/20240516_GerardGeoffrion-1080x1440-72-768x1024.jpg\",\"contentUrl\":\"https:\\\/\\\/congebec.com\\\/wp-content\\\/uploads\\\/2024\\\/06\\\/20240516_GerardGeoffrion-1080x1440-72-768x1024.jpg\"},{\"@type\":\"BreadcrumbList\",\"@id\":\"https:\\\/\\\/congebec.com\\\/gerard-geoffrion\\\/#breadcrumb\",\"itemListElement\":[{\"@type\":\"ListItem\",\"position\":1,\"name\":\"Accueil\",\"item\":\"https:\\\/\\\/congebec.com\\\/\"},{\"@type\":\"ListItem\",\"position\":2,\"name\":\"G\u00e9rard Geoffrion\"}]},{\"@type\":\"WebSite\",\"@id\":\"https:\\\/\\\/congebec.com\\\/#website\",\"url\":\"https:\\\/\\\/congebec.com\\\/\",\"name\":\"Congebec\",\"description\":\"\",\"publisher\":{\"@id\":\"https:\\\/\\\/congebec.com\\\/#organization\"},\"potentialAction\":[{\"@type\":\"SearchAction\",\"target\":{\"@type\":\"EntryPoint\",\"urlTemplate\":\"https:\\\/\\\/congebec.com\\\/?s={search_term_string}\"},\"query-input\":{\"@type\":\"PropertyValueSpecification\",\"valueRequired\":true,\"valueName\":\"search_term_string\"}}],\"inLanguage\":\"en-US\"},{\"@type\":\"Organization\",\"@id\":\"https:\\\/\\\/congebec.com\\\/#organization\",\"name\":\"Congebec\",\"url\":\"https:\\\/\\\/congebec.com\\\/\",\"logo\":{\"@type\":\"ImageObject\",\"inLanguage\":\"en-US\",\"@id\":\"https:\\\/\\\/congebec.com\\\/#\\\/schema\\\/logo\\\/image\\\/\",\"url\":\"https:\\\/\\\/congebec.com\\\/wp-content\\\/uploads\\\/2018\\\/08\\\/V1.png\",\"contentUrl\":\"https:\\\/\\\/congebec.com\\\/wp-content\\\/uploads\\\/2018\\\/08\\\/V1.png\",\"width\":160,\"height\":143,\"caption\":\"Congebec\"},\"image\":{\"@id\":\"https:\\\/\\\/congebec.com\\\/#\\\/schema\\\/logo\\\/image\\\/\"},\"sameAs\":[\"https:\\\/\\\/www.facebook.com\\\/congebec\\\/\",\"https:\\\/\\\/www.linkedin.com\\\/company\\\/congebec\\\/\",\"https:\\\/\\\/en.wikipedia.org\\\/wiki\\\/Congebec_Logistics\"]}]}<\/script>\n<!-- \/ Yoast SEO plugin. -->","yoast_head_json":{"title":"G\u00e9rard Geoffrion - Congebec","robots":{"index":"index","follow":"follow","max-snippet":"max-snippet:-1","max-image-preview":"max-image-preview:large","max-video-preview":"max-video-preview:-1"},"canonical":"https:\/\/congebec.com\/gerard-geoffrion\/","og_locale":"en_US","og_type":"article","og_title":"G\u00e9rard Geoffrion - Congebec","og_description":"Board of Directors G\u00e9rard Geoffrion Chairman of the Board since 2025 Chairman of the Audit and Risk Management Committee G\u00e9rard Geoffrion graduated in Industrial Engineering from \u00c9cole polytechnique de Montr\u00e9al in 1974, and obtained his MBA in 1982. He then worked for a dozen years in strategic planning, acquisitions and corporate sales. Among others, he [&hellip;]","og_url":"https:\/\/congebec.com\/gerard-geoffrion\/","og_site_name":"Congebec","article_publisher":"https:\/\/www.facebook.com\/congebec\/","article_modified_time":"2025-11-25T15:28:18+00:00","og_image":[{"width":1080,"height":1440,"url":"https:\/\/congebec.com\/wp-content\/uploads\/2024\/06\/20240516_GerardGeoffrion-1080x1440-72.jpg","type":"image\/jpeg"}],"twitter_card":"summary_large_image","twitter_misc":{"Est. reading time":"2 minutes"},"schema":{"@context":"https:\/\/schema.org","@graph":[{"@type":"WebPage","@id":"https:\/\/congebec.com\/gerard-geoffrion\/","url":"https:\/\/congebec.com\/gerard-geoffrion\/","name":"G\u00e9rard Geoffrion - Congebec","isPartOf":{"@id":"https:\/\/congebec.com\/#website"},"primaryImageOfPage":{"@id":"https:\/\/congebec.com\/gerard-geoffrion\/#primaryimage"},"image":{"@id":"https:\/\/congebec.com\/gerard-geoffrion\/#primaryimage"},"thumbnailUrl":"https:\/\/congebec.com\/wp-content\/uploads\/2024\/06\/20240516_GerardGeoffrion-1080x1440-72-768x1024.jpg","datePublished":"2024-06-10T19:18:48+00:00","dateModified":"2025-11-25T15:28:18+00:00","breadcrumb":{"@id":"https:\/\/congebec.com\/gerard-geoffrion\/#breadcrumb"},"inLanguage":"en-US","potentialAction":[{"@type":"ReadAction","target":["https:\/\/congebec.com\/gerard-geoffrion\/"]}]},{"@type":"ImageObject","inLanguage":"en-US","@id":"https:\/\/congebec.com\/gerard-geoffrion\/#primaryimage","url":"https:\/\/congebec.com\/wp-content\/uploads\/2024\/06\/20240516_GerardGeoffrion-1080x1440-72-768x1024.jpg","contentUrl":"https:\/\/congebec.com\/wp-content\/uploads\/2024\/06\/20240516_GerardGeoffrion-1080x1440-72-768x1024.jpg"},{"@type":"BreadcrumbList","@id":"https:\/\/congebec.com\/gerard-geoffrion\/#breadcrumb","itemListElement":[{"@type":"ListItem","position":1,"name":"Accueil","item":"https:\/\/congebec.com\/"},{"@type":"ListItem","position":2,"name":"G\u00e9rard Geoffrion"}]},{"@type":"WebSite","@id":"https:\/\/congebec.com\/#website","url":"https:\/\/congebec.com\/","name":"Congebec","description":"","publisher":{"@id":"https:\/\/congebec.com\/#organization"},"potentialAction":[{"@type":"SearchAction","target":{"@type":"EntryPoint","urlTemplate":"https:\/\/congebec.com\/?s={search_term_string}"},"query-input":{"@type":"PropertyValueSpecification","valueRequired":true,"valueName":"search_term_string"}}],"inLanguage":"en-US"},{"@type":"Organization","@id":"https:\/\/congebec.com\/#organization","name":"Congebec","url":"https:\/\/congebec.com\/","logo":{"@type":"ImageObject","inLanguage":"en-US","@id":"https:\/\/congebec.com\/#\/schema\/logo\/image\/","url":"https:\/\/congebec.com\/wp-content\/uploads\/2018\/08\/V1.png","contentUrl":"https:\/\/congebec.com\/wp-content\/uploads\/2018\/08\/V1.png","width":160,"height":143,"caption":"Congebec"},"image":{"@id":"https:\/\/congebec.com\/#\/schema\/logo\/image\/"},"sameAs":["https:\/\/www.facebook.com\/congebec\/","https:\/\/www.linkedin.com\/company\/congebec\/","https:\/\/en.wikipedia.org\/wiki\/Congebec_Logistics"]}]}},"_links":{"self":[{"href":"https:\/\/congebec.com\/en\/wp-json\/wp\/v2\/pages\/24998","targetHints":{"allow":["GET"]}}],"collection":[{"href":"https:\/\/congebec.com\/en\/wp-json\/wp\/v2\/pages"}],"about":[{"href":"https:\/\/congebec.com\/en\/wp-json\/wp\/v2\/types\/page"}],"author":[{"embeddable":true,"href":"https:\/\/congebec.com\/en\/wp-json\/wp\/v2\/users\/2"}],"replies":[{"embeddable":true,"href":"https:\/\/congebec.com\/en\/wp-json\/wp\/v2\/comments?post=24998"}],"version-history":[{"count":28,"href":"https:\/\/congebec.com\/en\/wp-json\/wp\/v2\/pages\/24998\/revisions"}],"predecessor-version":[{"id":31750,"href":"https:\/\/congebec.com\/en\/wp-json\/wp\/v2\/pages\/24998\/revisions\/31750"}],"wp:attachment":[{"href":"https:\/\/congebec.com\/en\/wp-json\/wp\/v2\/media?parent=24998"}],"curies":[{"name":"wp","href":"https:\/\/api.w.org\/{rel}","templated":true}]}}