{"id":25015,"date":"2024-06-10T15:19:52","date_gmt":"2024-06-10T19:19:52","guid":{"rendered":"https:\/\/congebec.com\/?page_id=25015"},"modified":"2024-07-08T11:09:53","modified_gmt":"2024-07-08T15:09:53","slug":"real-menard","status":"publish","type":"page","link":"https:\/\/congebec.com\/en\/real-menard\/","title":{"rendered":"R\u00e9al M\u00e9nard"},"content":{"rendered":"\t\t<div data-elementor-type=\"wp-page\" data-elementor-id=\"25015\" class=\"elementor elementor-25015 elementor-24784\" data-elementor-post-type=\"page\">\n\t\t\t\t\t\t<section class=\"elementor-section elementor-top-section elementor-element elementor-element-c1e77ed elementor-section-full_width elementor-section-height-min-height elementor-section-stretched elementor-section-height-default elementor-section-items-middle\" data-id=\"c1e77ed\" data-element_type=\"section\" data-e-type=\"section\" data-settings=\"{&quot;stretch_section&quot;:&quot;section-stretched&quot;,&quot;background_background&quot;:&quot;video&quot;,&quot;background_video_link&quot;:&quot;https:\\\/\\\/youtu.be\\\/XE73MzDsc_A&quot;,&quot;background_play_on_mobile&quot;:&quot;yes&quot;}\">\n\t\t\t\t\t\t\t\t<div class=\"elementor-background-video-container\">\n\t\t\t\t\t\t\t\t\t\t\t\t\t<div class=\"elementor-background-video-embed\" role=\"presentation\"><\/div>\n\t\t\t\t\t\t\t\t\t\t\t\t<\/div>\n\t\t\t\t\t\t\t\t<div class=\"elementor-container elementor-column-gap-default\">\n\t\t\t\t\t<div class=\"elementor-column elementor-col-100 elementor-top-column elementor-element elementor-element-6184680\" data-id=\"6184680\" data-element_type=\"column\" data-e-type=\"column\">\n\t\t\t<div class=\"elementor-widget-wrap\">\n\t\t\t\t\t\t\t<\/div>\n\t\t<\/div>\n\t\t\t\t\t<\/div>\n\t\t<\/section>\n\t\t\t\t<section class=\"elementor-section elementor-top-section elementor-element elementor-element-709577f elementor-section-height-min-height elementor-section-boxed elementor-section-height-default elementor-section-items-middle\" data-id=\"709577f\" data-element_type=\"section\" data-e-type=\"section\" data-settings=\"{&quot;background_background&quot;:&quot;classic&quot;}\">\n\t\t\t\t\t\t<div class=\"elementor-container elementor-column-gap-default\">\n\t\t\t\t\t<div class=\"elementor-column elementor-col-100 elementor-top-column elementor-element elementor-element-04c97d7\" data-id=\"04c97d7\" data-element_type=\"column\" data-e-type=\"column\">\n\t\t\t<div class=\"elementor-widget-wrap\">\n\t\t\t\t\t\t\t<\/div>\n\t\t<\/div>\n\t\t\t\t\t<\/div>\n\t\t<\/section>\n\t\t\t\t<section class=\"elementor-section elementor-top-section elementor-element elementor-element-ffd6211 elementor-section-boxed elementor-section-height-default elementor-section-height-default\" data-id=\"ffd6211\" data-element_type=\"section\" data-e-type=\"section\" data-settings=\"{&quot;background_background&quot;:&quot;classic&quot;}\">\n\t\t\t\t\t\t<div class=\"elementor-container elementor-column-gap-default\">\n\t\t\t\t\t<div class=\"elementor-column elementor-col-100 elementor-top-column elementor-element elementor-element-712a99e\" data-id=\"712a99e\" data-element_type=\"column\" data-e-type=\"column\">\n\t\t\t<div class=\"elementor-widget-wrap elementor-element-populated\">\n\t\t\t\t\t\t<div class=\"elementor-element elementor-element-3f7f1d6 elementor-widget elementor-widget-heading\" data-id=\"3f7f1d6\" data-element_type=\"widget\" data-e-type=\"widget\" data-widget_type=\"heading.default\">\n\t\t\t\t<div class=\"elementor-widget-container\">\n\t\t\t\t\t<h2 class=\"elementor-heading-title elementor-size-default\">Board of Directors<\/h2>\t\t\t\t<\/div>\n\t\t\t\t<\/div>\n\t\t\t\t\t<\/div>\n\t\t<\/div>\n\t\t\t\t\t<\/div>\n\t\t<\/section>\n\t\t\t\t<section class=\"elementor-section elementor-top-section elementor-element elementor-element-f7dfdca elementor-section-boxed elementor-section-height-default elementor-section-height-default\" data-id=\"f7dfdca\" data-element_type=\"section\" data-e-type=\"section\" data-settings=\"{&quot;background_background&quot;:&quot;classic&quot;}\">\n\t\t\t\t\t\t<div class=\"elementor-container elementor-column-gap-default\">\n\t\t\t\t\t<div class=\"elementor-column elementor-col-50 elementor-top-column elementor-element elementor-element-0c0263f\" data-id=\"0c0263f\" data-element_type=\"column\" data-e-type=\"column\">\n\t\t\t<div class=\"elementor-widget-wrap elementor-element-populated\">\n\t\t\t\t\t\t<div class=\"elementor-element elementor-element-c0f0c92 elementor-widget elementor-widget-image\" data-id=\"c0f0c92\" data-element_type=\"widget\" data-e-type=\"widget\" data-widget_type=\"image.default\">\n\t\t\t\t<div class=\"elementor-widget-container\">\n\t\t\t\t\t\t\t\t\t\t\t\t\t\t\t<img fetchpriority=\"high\" decoding=\"async\" width=\"768\" height=\"1024\" src=\"https:\/\/congebec.com\/wp-content\/uploads\/2024\/06\/20240516_RealMenard-1080x1440-72-768x1024.jpg\" class=\"attachment-large size-large wp-image-24657\" alt=\"\" srcset=\"https:\/\/congebec.com\/wp-content\/uploads\/2024\/06\/20240516_RealMenard-1080x1440-72-768x1024.jpg 768w, https:\/\/congebec.com\/wp-content\/uploads\/2024\/06\/20240516_RealMenard-1080x1440-72-225x300.jpg 225w, https:\/\/congebec.com\/wp-content\/uploads\/2024\/06\/20240516_RealMenard-1080x1440-72-113x150.jpg 113w, https:\/\/congebec.com\/wp-content\/uploads\/2024\/06\/20240516_RealMenard-1080x1440-72-900x1200.jpg 900w, https:\/\/congebec.com\/wp-content\/uploads\/2024\/06\/20240516_RealMenard-1080x1440-72-720x960.jpg 720w, https:\/\/congebec.com\/wp-content\/uploads\/2024\/06\/20240516_RealMenard-1080x1440-72.jpg 1080w\" sizes=\"(max-width: 768px) 100vw, 768px\" \/>\t\t\t\t\t\t\t\t\t\t\t\t\t\t\t<\/div>\n\t\t\t\t<\/div>\n\t\t\t\t\t<\/div>\n\t\t<\/div>\n\t\t\t\t<div class=\"elementor-column elementor-col-50 elementor-top-column elementor-element elementor-element-a892329\" data-id=\"a892329\" data-element_type=\"column\" data-e-type=\"column\">\n\t\t\t<div class=\"elementor-widget-wrap elementor-element-populated\">\n\t\t\t\t\t\t<div class=\"elementor-element elementor-element-eac9ee0 elementor-widget elementor-widget-heading\" data-id=\"eac9ee0\" data-element_type=\"widget\" data-e-type=\"widget\" data-widget_type=\"heading.default\">\n\t\t\t\t<div class=\"elementor-widget-container\">\n\t\t\t\t\t<h2 class=\"elementor-heading-title elementor-size-default\">R\u00e9al M\u00e9nard<\/h2>\t\t\t\t<\/div>\n\t\t\t\t<\/div>\n\t\t\t\t<div class=\"elementor-element elementor-element-003e4de elementor-widget elementor-widget-heading\" data-id=\"003e4de\" data-element_type=\"widget\" data-e-type=\"widget\" data-widget_type=\"heading.default\">\n\t\t\t\t<div class=\"elementor-widget-container\">\n\t\t\t\t\t<h6 class=\"elementor-heading-title elementor-size-default\">Chairman of the Board<\/h6>\t\t\t\t<\/div>\n\t\t\t\t<\/div>\n\t\t\t\t<div class=\"elementor-element elementor-element-fdbe7b1 elementor-widget elementor-widget-text-editor\" data-id=\"fdbe7b1\" data-element_type=\"widget\" data-e-type=\"widget\" data-widget_type=\"text-editor.default\">\n\t\t\t\t<div class=\"elementor-widget-container\">\n\t\t\t\t\t\t\t\t\t<p style=\"text-align: Justify;\">A true ambassador, R\u00e9al M\u00e9nard has over 35 years&#8217; experience in the food industry and in the warehousing of frozen and refrigerated products in Canada, the United States and Europe. He has held a number of senior positions in Toronto, Chicago and France for Maple Leaf, Canada Bread, Nabisco and Culinar.<\/p>\n<p style=\"text-align: Justify;\">He is a team player whose leadership is recognized and appreciated by his peers. He has been a major participant in the acquisition and sale of several companies. He is also involved in the community.<\/p>\n<p style=\"text-align: Justify;\">For all these reasons, R\u00e9al M\u00e9nard has been named to the Hall of Fame, member-supplier section, of the Association des d\u00e9taillants en alimentation du Qu\u00e9bec.<\/p>\n<p style=\"text-align: Justify;\">R\u00e9al M\u00e9nard is Chairman of several Boards of Directors, including Congebec since 2015.<\/p>\n<a href=\"https:\/\/congebec.com\/en\/board-of-directors\/\"><img decoding=\"async\" class=\"alignnone wp-image-24733 alignleft\" title=\"Retour \u00e0 la page pr\u00e9c\u00e9dente\" src=\"https:\/\/congebec.com\/wp-content\/uploads\/2024\/06\/Logo-Retour-150x150.png\" alt=\"\" width=\"67\" height=\"67\" srcset=\"https:\/\/congebec.com\/wp-content\/uploads\/2024\/06\/Logo-Retour-150x150.png 150w, https:\/\/congebec.com\/wp-content\/uploads\/2024\/06\/Logo-Retour-300x300.png 300w, https:\/\/congebec.com\/wp-content\/uploads\/2024\/06\/Logo-Retour-50x50.png 50w, https:\/\/congebec.com\/wp-content\/uploads\/2024\/06\/Logo-Retour.png 316w\" sizes=\"(max-width: 67px) 100vw, 67px\" \/><\/a>\t\t\t\t\t\t\t\t<\/div>\n\t\t\t\t<\/div>\n\t\t\t\t\t<\/div>\n\t\t<\/div>\n\t\t\t\t\t<\/div>\n\t\t<\/section>\n\t\t\t\t<\/div>\n\t\t","protected":false},"excerpt":{"rendered":"<p>Board of Directors R\u00e9al M\u00e9nard Chairman of the Board A true ambassador, R\u00e9al M\u00e9nard has over 35 years&#8217; experience in the food industry and in the warehousing of frozen and refrigerated products in Canada, the United States and Europe. He has held a number of senior positions in Toronto, Chicago and France for Maple Leaf, [&hellip;]<\/p>\n","protected":false},"author":2,"featured_media":0,"parent":0,"menu_order":0,"comment_status":"closed","ping_status":"open","template":"template-slideshow.php","meta":{"_acf_changed":false,"_monsterinsights_skip_tracking":false,"_monsterinsights_sitenote_active":false,"_monsterinsights_sitenote_note":"","_monsterinsights_sitenote_category":0,"footnotes":""},"class_list":["post-25015","page","type-page","status-publish","hentry"],"acf":[],"yoast_head":"<!-- This site is optimized with the Yoast SEO plugin v27.1.1 - https:\/\/yoast.com\/product\/yoast-seo-wordpress\/ -->\n<title>R\u00e9al M\u00e9nard - Congebec<\/title>\n<meta name=\"robots\" content=\"index, follow, max-snippet:-1, max-image-preview:large, max-video-preview:-1\" \/>\n<link rel=\"canonical\" href=\"https:\/\/congebec.com\/real-menard\/\" \/>\n<meta property=\"og:locale\" content=\"en_US\" \/>\n<meta property=\"og:type\" content=\"article\" \/>\n<meta property=\"og:title\" content=\"R\u00e9al M\u00e9nard - Congebec\" \/>\n<meta property=\"og:description\" content=\"Board of Directors R\u00e9al M\u00e9nard Chairman of the Board A true ambassador, R\u00e9al M\u00e9nard has over 35 years&#8217; experience in the food industry and in the warehousing of frozen and refrigerated products in Canada, the United States and Europe. He has held a number of senior positions in Toronto, Chicago and France for Maple Leaf, [&hellip;]\" \/>\n<meta property=\"og:url\" content=\"https:\/\/congebec.com\/real-menard\/\" \/>\n<meta property=\"og:site_name\" content=\"Congebec\" \/>\n<meta property=\"article:publisher\" content=\"https:\/\/www.facebook.com\/congebec\/\" \/>\n<meta property=\"article:modified_time\" content=\"2024-07-08T15:09:53+00:00\" \/>\n<meta property=\"og:image\" content=\"https:\/\/congebec.com\/wp-content\/uploads\/2024\/06\/20240516_RealMenard-1080x1440-72-768x1024.jpg\" \/>\n<meta name=\"twitter:card\" content=\"summary_large_image\" \/>\n<meta name=\"twitter:label1\" content=\"Est. reading time\" \/>\n\t<meta name=\"twitter:data1\" content=\"1 minute\" \/>\n<script type=\"application\/ld+json\" class=\"yoast-schema-graph\">{\"@context\":\"https:\/\/schema.org\",\"@graph\":[{\"@type\":\"WebPage\",\"@id\":\"https:\/\/congebec.com\/real-menard\/\",\"url\":\"https:\/\/congebec.com\/real-menard\/\",\"name\":\"R\u00e9al M\u00e9nard - Congebec\",\"isPartOf\":{\"@id\":\"https:\/\/congebec.com\/#website\"},\"primaryImageOfPage\":{\"@id\":\"https:\/\/congebec.com\/real-menard\/#primaryimage\"},\"image\":{\"@id\":\"https:\/\/congebec.com\/real-menard\/#primaryimage\"},\"thumbnailUrl\":\"https:\/\/congebec.com\/wp-content\/uploads\/2024\/06\/20240516_RealMenard-1080x1440-72-768x1024.jpg\",\"datePublished\":\"2024-06-10T19:19:52+00:00\",\"dateModified\":\"2024-07-08T15:09:53+00:00\",\"breadcrumb\":{\"@id\":\"https:\/\/congebec.com\/real-menard\/#breadcrumb\"},\"inLanguage\":\"en-US\",\"potentialAction\":[{\"@type\":\"ReadAction\",\"target\":[\"https:\/\/congebec.com\/real-menard\/\"]}]},{\"@type\":\"ImageObject\",\"inLanguage\":\"en-US\",\"@id\":\"https:\/\/congebec.com\/real-menard\/#primaryimage\",\"url\":\"https:\/\/congebec.com\/wp-content\/uploads\/2024\/06\/20240516_RealMenard-1080x1440-72-768x1024.jpg\",\"contentUrl\":\"https:\/\/congebec.com\/wp-content\/uploads\/2024\/06\/20240516_RealMenard-1080x1440-72-768x1024.jpg\"},{\"@type\":\"BreadcrumbList\",\"@id\":\"https:\/\/congebec.com\/real-menard\/#breadcrumb\",\"itemListElement\":[{\"@type\":\"ListItem\",\"position\":1,\"name\":\"Accueil\",\"item\":\"https:\/\/congebec.com\/\"},{\"@type\":\"ListItem\",\"position\":2,\"name\":\"R\u00e9al M\u00e9nard\"}]},{\"@type\":\"WebSite\",\"@id\":\"https:\/\/congebec.com\/#website\",\"url\":\"https:\/\/congebec.com\/\",\"name\":\"Congebec\",\"description\":\"\",\"publisher\":{\"@id\":\"https:\/\/congebec.com\/#organization\"},\"potentialAction\":[{\"@type\":\"SearchAction\",\"target\":{\"@type\":\"EntryPoint\",\"urlTemplate\":\"https:\/\/congebec.com\/?s={search_term_string}\"},\"query-input\":{\"@type\":\"PropertyValueSpecification\",\"valueRequired\":true,\"valueName\":\"search_term_string\"}}],\"inLanguage\":\"en-US\"},{\"@type\":\"Organization\",\"@id\":\"https:\/\/congebec.com\/#organization\",\"name\":\"Congebec\",\"url\":\"https:\/\/congebec.com\/\",\"logo\":{\"@type\":\"ImageObject\",\"inLanguage\":\"en-US\",\"@id\":\"https:\/\/congebec.com\/#\/schema\/logo\/image\/\",\"url\":\"https:\/\/congebec.com\/wp-content\/uploads\/2018\/08\/V1.png\",\"contentUrl\":\"https:\/\/congebec.com\/wp-content\/uploads\/2018\/08\/V1.png\",\"width\":160,\"height\":143,\"caption\":\"Congebec\"},\"image\":{\"@id\":\"https:\/\/congebec.com\/#\/schema\/logo\/image\/\"},\"sameAs\":[\"https:\/\/www.facebook.com\/congebec\/\",\"https:\/\/www.linkedin.com\/company\/congebec\/\",\"https:\/\/en.wikipedia.org\/wiki\/Congebec_Logistics\"]}]}<\/script>\n<!-- \/ Yoast SEO plugin. -->","yoast_head_json":{"title":"R\u00e9al M\u00e9nard - Congebec","robots":{"index":"index","follow":"follow","max-snippet":"max-snippet:-1","max-image-preview":"max-image-preview:large","max-video-preview":"max-video-preview:-1"},"canonical":"https:\/\/congebec.com\/real-menard\/","og_locale":"en_US","og_type":"article","og_title":"R\u00e9al M\u00e9nard - Congebec","og_description":"Board of Directors R\u00e9al M\u00e9nard Chairman of the Board A true ambassador, R\u00e9al M\u00e9nard has over 35 years&#8217; experience in the food industry and in the warehousing of frozen and refrigerated products in Canada, the United States and Europe. He has held a number of senior positions in Toronto, Chicago and France for Maple Leaf, [&hellip;]","og_url":"https:\/\/congebec.com\/real-menard\/","og_site_name":"Congebec","article_publisher":"https:\/\/www.facebook.com\/congebec\/","article_modified_time":"2024-07-08T15:09:53+00:00","og_image":[{"url":"https:\/\/congebec.com\/wp-content\/uploads\/2024\/06\/20240516_RealMenard-1080x1440-72-768x1024.jpg","type":"","width":"","height":""}],"twitter_card":"summary_large_image","twitter_misc":{"Est. reading time":"1 minute"},"schema":{"@context":"https:\/\/schema.org","@graph":[{"@type":"WebPage","@id":"https:\/\/congebec.com\/real-menard\/","url":"https:\/\/congebec.com\/real-menard\/","name":"R\u00e9al M\u00e9nard - Congebec","isPartOf":{"@id":"https:\/\/congebec.com\/#website"},"primaryImageOfPage":{"@id":"https:\/\/congebec.com\/real-menard\/#primaryimage"},"image":{"@id":"https:\/\/congebec.com\/real-menard\/#primaryimage"},"thumbnailUrl":"https:\/\/congebec.com\/wp-content\/uploads\/2024\/06\/20240516_RealMenard-1080x1440-72-768x1024.jpg","datePublished":"2024-06-10T19:19:52+00:00","dateModified":"2024-07-08T15:09:53+00:00","breadcrumb":{"@id":"https:\/\/congebec.com\/real-menard\/#breadcrumb"},"inLanguage":"en-US","potentialAction":[{"@type":"ReadAction","target":["https:\/\/congebec.com\/real-menard\/"]}]},{"@type":"ImageObject","inLanguage":"en-US","@id":"https:\/\/congebec.com\/real-menard\/#primaryimage","url":"https:\/\/congebec.com\/wp-content\/uploads\/2024\/06\/20240516_RealMenard-1080x1440-72-768x1024.jpg","contentUrl":"https:\/\/congebec.com\/wp-content\/uploads\/2024\/06\/20240516_RealMenard-1080x1440-72-768x1024.jpg"},{"@type":"BreadcrumbList","@id":"https:\/\/congebec.com\/real-menard\/#breadcrumb","itemListElement":[{"@type":"ListItem","position":1,"name":"Accueil","item":"https:\/\/congebec.com\/"},{"@type":"ListItem","position":2,"name":"R\u00e9al M\u00e9nard"}]},{"@type":"WebSite","@id":"https:\/\/congebec.com\/#website","url":"https:\/\/congebec.com\/","name":"Congebec","description":"","publisher":{"@id":"https:\/\/congebec.com\/#organization"},"potentialAction":[{"@type":"SearchAction","target":{"@type":"EntryPoint","urlTemplate":"https:\/\/congebec.com\/?s={search_term_string}"},"query-input":{"@type":"PropertyValueSpecification","valueRequired":true,"valueName":"search_term_string"}}],"inLanguage":"en-US"},{"@type":"Organization","@id":"https:\/\/congebec.com\/#organization","name":"Congebec","url":"https:\/\/congebec.com\/","logo":{"@type":"ImageObject","inLanguage":"en-US","@id":"https:\/\/congebec.com\/#\/schema\/logo\/image\/","url":"https:\/\/congebec.com\/wp-content\/uploads\/2018\/08\/V1.png","contentUrl":"https:\/\/congebec.com\/wp-content\/uploads\/2018\/08\/V1.png","width":160,"height":143,"caption":"Congebec"},"image":{"@id":"https:\/\/congebec.com\/#\/schema\/logo\/image\/"},"sameAs":["https:\/\/www.facebook.com\/congebec\/","https:\/\/www.linkedin.com\/company\/congebec\/","https:\/\/en.wikipedia.org\/wiki\/Congebec_Logistics"]}]}},"_links":{"self":[{"href":"https:\/\/congebec.com\/en\/wp-json\/wp\/v2\/pages\/25015","targetHints":{"allow":["GET"]}}],"collection":[{"href":"https:\/\/congebec.com\/en\/wp-json\/wp\/v2\/pages"}],"about":[{"href":"https:\/\/congebec.com\/en\/wp-json\/wp\/v2\/types\/page"}],"author":[{"embeddable":true,"href":"https:\/\/congebec.com\/en\/wp-json\/wp\/v2\/users\/2"}],"replies":[{"embeddable":true,"href":"https:\/\/congebec.com\/en\/wp-json\/wp\/v2\/comments?post=25015"}],"version-history":[{"count":22,"href":"https:\/\/congebec.com\/en\/wp-json\/wp\/v2\/pages\/25015\/revisions"}],"predecessor-version":[{"id":26124,"href":"https:\/\/congebec.com\/en\/wp-json\/wp\/v2\/pages\/25015\/revisions\/26124"}],"wp:attachment":[{"href":"https:\/\/congebec.com\/en\/wp-json\/wp\/v2\/media?parent=25015"}],"curies":[{"name":"wp","href":"https:\/\/api.w.org\/{rel}","templated":true}]}}