{"id":32332,"date":"2026-04-16T14:56:28","date_gmt":"2026-04-16T18:56:28","guid":{"rendered":"https:\/\/congebec.com\/?page_id=32332"},"modified":"2026-04-16T18:03:02","modified_gmt":"2026-04-16T22:03:02","slug":"marie-anne-tawil","status":"publish","type":"page","link":"https:\/\/congebec.com\/en\/marie-anne-tawil\/","title":{"rendered":"Marie-Anne Tawil"},"content":{"rendered":"\t\t<div data-elementor-type=\"wp-page\" data-elementor-id=\"32332\" class=\"elementor elementor-32332 elementor-32321\" data-elementor-post-type=\"page\">\n\t\t\t\t\t\t<section class=\"elementor-section elementor-top-section elementor-element elementor-element-c1e77ed elementor-section-full_width elementor-section-height-min-height elementor-section-stretched elementor-section-height-default elementor-section-items-middle\" data-id=\"c1e77ed\" data-element_type=\"section\" data-e-type=\"section\" data-settings=\"{&quot;stretch_section&quot;:&quot;section-stretched&quot;,&quot;background_background&quot;:&quot;video&quot;,&quot;background_video_link&quot;:&quot;https:\\\/\\\/youtu.be\\\/XE73MzDsc_A&quot;,&quot;background_play_on_mobile&quot;:&quot;yes&quot;}\">\n\t\t\t\t\t\t\t\t<div class=\"elementor-background-video-container\">\n\t\t\t\t\t\t\t\t\t\t\t\t\t<div class=\"elementor-background-video-embed\" role=\"presentation\"><\/div>\n\t\t\t\t\t\t\t\t\t\t\t\t<\/div>\n\t\t\t\t\t\t\t\t<div class=\"elementor-container elementor-column-gap-default\">\n\t\t\t\t\t<div class=\"elementor-column elementor-col-100 elementor-top-column elementor-element elementor-element-6184680\" data-id=\"6184680\" data-element_type=\"column\" data-e-type=\"column\">\n\t\t\t<div class=\"elementor-widget-wrap\">\n\t\t\t\t\t\t\t<\/div>\n\t\t<\/div>\n\t\t\t\t\t<\/div>\n\t\t<\/section>\n\t\t\t\t<section class=\"elementor-section elementor-top-section elementor-element elementor-element-709577f elementor-section-height-min-height elementor-section-boxed elementor-section-height-default elementor-section-items-middle\" data-id=\"709577f\" data-element_type=\"section\" data-e-type=\"section\" data-settings=\"{&quot;background_background&quot;:&quot;classic&quot;}\">\n\t\t\t\t\t\t<div class=\"elementor-container elementor-column-gap-default\">\n\t\t\t\t\t<div class=\"elementor-column elementor-col-100 elementor-top-column elementor-element elementor-element-04c97d7\" data-id=\"04c97d7\" data-element_type=\"column\" data-e-type=\"column\">\n\t\t\t<div class=\"elementor-widget-wrap\">\n\t\t\t\t\t\t\t<\/div>\n\t\t<\/div>\n\t\t\t\t\t<\/div>\n\t\t<\/section>\n\t\t\t\t<section class=\"elementor-section elementor-top-section elementor-element elementor-element-ffd6211 elementor-section-boxed elementor-section-height-default elementor-section-height-default\" data-id=\"ffd6211\" data-element_type=\"section\" data-e-type=\"section\" data-settings=\"{&quot;background_background&quot;:&quot;classic&quot;}\">\n\t\t\t\t\t\t<div class=\"elementor-container elementor-column-gap-default\">\n\t\t\t\t\t<div class=\"elementor-column elementor-col-100 elementor-top-column elementor-element elementor-element-712a99e\" data-id=\"712a99e\" data-element_type=\"column\" data-e-type=\"column\">\n\t\t\t<div class=\"elementor-widget-wrap elementor-element-populated\">\n\t\t\t\t\t\t<div class=\"elementor-element elementor-element-3f7f1d6 elementor-widget elementor-widget-heading\" data-id=\"3f7f1d6\" data-element_type=\"widget\" data-e-type=\"widget\" data-widget_type=\"heading.default\">\n\t\t\t\t<div class=\"elementor-widget-container\">\n\t\t\t\t\t<h2 class=\"elementor-heading-title elementor-size-default\">Board of Directors<\/h2>\t\t\t\t<\/div>\n\t\t\t\t<\/div>\n\t\t\t\t\t<\/div>\n\t\t<\/div>\n\t\t\t\t\t<\/div>\n\t\t<\/section>\n\t\t\t\t<section class=\"elementor-section elementor-top-section elementor-element elementor-element-f7dfdca elementor-section-boxed elementor-section-height-default elementor-section-height-default\" data-id=\"f7dfdca\" data-element_type=\"section\" data-e-type=\"section\" data-settings=\"{&quot;background_background&quot;:&quot;classic&quot;}\">\n\t\t\t\t\t\t<div class=\"elementor-container elementor-column-gap-default\">\n\t\t\t\t\t<div class=\"elementor-column elementor-col-50 elementor-top-column elementor-element elementor-element-0c0263f\" data-id=\"0c0263f\" data-element_type=\"column\" data-e-type=\"column\">\n\t\t\t<div class=\"elementor-widget-wrap elementor-element-populated\">\n\t\t\t\t\t\t<div class=\"elementor-element elementor-element-c0f0c92 elementor-widget elementor-widget-image\" data-id=\"c0f0c92\" data-element_type=\"widget\" data-e-type=\"widget\" data-widget_type=\"image.default\">\n\t\t\t\t<div class=\"elementor-widget-container\">\n\t\t\t\t\t\t\t\t\t\t\t\t\t\t\t<img fetchpriority=\"high\" decoding=\"async\" width=\"768\" height=\"1024\" src=\"https:\/\/congebec.com\/wp-content\/uploads\/2026\/04\/2026-01_Marie-Anne-Tawil-1080x1440-72-768x1024.png\" class=\"attachment-large size-large wp-image-32295\" alt=\"\" srcset=\"https:\/\/congebec.com\/wp-content\/uploads\/2026\/04\/2026-01_Marie-Anne-Tawil-1080x1440-72-768x1024.png 768w, https:\/\/congebec.com\/wp-content\/uploads\/2026\/04\/2026-01_Marie-Anne-Tawil-1080x1440-72-225x300.png 225w, https:\/\/congebec.com\/wp-content\/uploads\/2026\/04\/2026-01_Marie-Anne-Tawil-1080x1440-72-113x150.png 113w, https:\/\/congebec.com\/wp-content\/uploads\/2026\/04\/2026-01_Marie-Anne-Tawil-1080x1440-72-900x1200.png 900w, https:\/\/congebec.com\/wp-content\/uploads\/2026\/04\/2026-01_Marie-Anne-Tawil-1080x1440-72-720x960.png 720w, https:\/\/congebec.com\/wp-content\/uploads\/2026\/04\/2026-01_Marie-Anne-Tawil-1080x1440-72.png 1080w\" sizes=\"(max-width: 768px) 100vw, 768px\" \/>\t\t\t\t\t\t\t\t\t\t\t\t\t\t\t<\/div>\n\t\t\t\t<\/div>\n\t\t\t\t\t<\/div>\n\t\t<\/div>\n\t\t\t\t<div class=\"elementor-column elementor-col-50 elementor-top-column elementor-element elementor-element-a892329\" data-id=\"a892329\" data-element_type=\"column\" data-e-type=\"column\">\n\t\t\t<div class=\"elementor-widget-wrap elementor-element-populated\">\n\t\t\t\t\t\t<div class=\"elementor-element elementor-element-eac9ee0 elementor-widget elementor-widget-heading\" data-id=\"eac9ee0\" data-element_type=\"widget\" data-e-type=\"widget\" data-widget_type=\"heading.default\">\n\t\t\t\t<div class=\"elementor-widget-container\">\n\t\t\t\t\t<h2 class=\"elementor-heading-title elementor-size-default\">Marie-Anne Tawil<\/h2>\t\t\t\t<\/div>\n\t\t\t\t<\/div>\n\t\t\t\t<div class=\"elementor-element elementor-element-003e4de elementor-widget elementor-widget-heading\" data-id=\"003e4de\" data-element_type=\"widget\" data-e-type=\"widget\" data-widget_type=\"heading.default\">\n\t\t\t\t<div class=\"elementor-widget-container\">\n\t\t\t\t\t<h6 class=\"elementor-heading-title elementor-size-default\">Board Member<\/h6>\t\t\t\t<\/div>\n\t\t\t\t<\/div>\n\t\t\t\t<div class=\"elementor-element elementor-element-fdbe7b1 elementor-widget elementor-widget-text-editor\" data-id=\"fdbe7b1\" data-element_type=\"widget\" data-e-type=\"widget\" data-widget_type=\"text-editor.default\">\n\t\t\t\t<div class=\"elementor-widget-container\">\n\t\t\t\t\t\t\t\t\t<p>Entrepreneur, lawyer, and corporate director, Marie\u2011Anne Tawil has broad and extensive experience in law, finance, and business management. She is a member of the Barreau du Qu\u00e9bec, holds an MBA, and has earned the IAS.A designation from the Institute of Corporate Directors.<\/p><div><p>After beginning her career in private practice, she held senior executive positions at Qu\u00e9becor Inc. She subsequently took on the challenge of leading, as President, the acquisition, management, and sale of several SMEs based in Quebec. She has advised numerous companies and business families on governance, risk management, strategic planning, and organizational structure, with a strong focus on mentoring executive teams and successors.<\/p><p>Marie\u2011Anne Tawil served on the Board of Directors of Hydro\u2011Qu\u00e9bec and chaired the Board of the Soci\u00e9t\u00e9 de l\u2019assurance automobile du Qu\u00e9bec. She currently sits on several boards of public, private, and institutional organizations, including DPM Metals, the McCall MacBain Scholarships at McGill University, CBC\/Radio\u2011Canada, Filgo, M\u00e9tallomax, and Brio Conseils.<\/p><p>She has been a member of YPO for more than twenty years and is a coach at the \u00c9cole d\u2019entrepreneurship de Beauce. She has been awarded the Queen Elizabeth II Diamond Jubilee Medal and the King Charles III Coronation Medal. She joined the Board of Directors of Congebec in January 2026.<\/p><p><a href=\"https:\/\/congebec.com\/en\/board-of-directors\/\"><img decoding=\"async\" class=\"alignleft wp-image-24733\" title=\"https:\/\/congebec.com\/en\/board-of-directors\/\" src=\"https:\/\/congebec.com\/wp-content\/uploads\/2024\/06\/Logo-Retour-150x150.png\" alt=\"\" width=\"67\" height=\"67\" srcset=\"https:\/\/congebec.com\/wp-content\/uploads\/2024\/06\/Logo-Retour-150x150.png 150w, https:\/\/congebec.com\/wp-content\/uploads\/2024\/06\/Logo-Retour-300x300.png 300w, https:\/\/congebec.com\/wp-content\/uploads\/2024\/06\/Logo-Retour-50x50.png 50w, https:\/\/congebec.com\/wp-content\/uploads\/2024\/06\/Logo-Retour.png 316w\" sizes=\"(max-width: 67px) 100vw, 67px\" \/><\/a><\/p><\/div>\t\t\t\t\t\t\t\t<\/div>\n\t\t\t\t<\/div>\n\t\t\t\t\t<\/div>\n\t\t<\/div>\n\t\t\t\t\t<\/div>\n\t\t<\/section>\n\t\t\t\t<\/div>\n\t\t","protected":false},"excerpt":{"rendered":"<p>Board of Directors Marie-Anne Tawil Board Member Entrepreneur, lawyer, and corporate director, Marie\u2011Anne Tawil has broad and extensive experience in law, finance, and business management. She is a member of the Barreau du Qu\u00e9bec, holds an MBA, and has earned the IAS.A designation from the Institute of Corporate Directors. After beginning her career in private [&hellip;]<\/p>\n","protected":false},"author":2,"featured_media":32295,"parent":0,"menu_order":0,"comment_status":"closed","ping_status":"open","template":"template-slideshow.php","meta":{"_acf_changed":false,"_monsterinsights_skip_tracking":false,"_monsterinsights_sitenote_active":false,"_monsterinsights_sitenote_note":"","_monsterinsights_sitenote_category":0,"footnotes":""},"class_list":["post-32332","page","type-page","status-publish","has-post-thumbnail","hentry"],"acf":[],"yoast_head":"<!-- This site is optimized with the Yoast SEO plugin v27.4 - https:\/\/yoast.com\/product\/yoast-seo-wordpress\/ -->\n<title>Marie-Anne Tawil - Congebec<\/title>\n<meta name=\"robots\" content=\"index, follow, max-snippet:-1, max-image-preview:large, max-video-preview:-1\" \/>\n<link rel=\"canonical\" href=\"https:\/\/congebec.com\/en\/marie-anne-tawil\/\" \/>\n<meta property=\"og:locale\" content=\"en_US\" \/>\n<meta property=\"og:type\" content=\"article\" \/>\n<meta property=\"og:title\" content=\"Marie-Anne Tawil - Congebec\" \/>\n<meta property=\"og:description\" content=\"Board of Directors Marie-Anne Tawil Board Member Entrepreneur, lawyer, and corporate director, Marie\u2011Anne Tawil has broad and extensive experience in law, finance, and business management. She is a member of the Barreau du Qu\u00e9bec, holds an MBA, and has earned the IAS.A designation from the Institute of Corporate Directors. After beginning her career in private [&hellip;]\" \/>\n<meta property=\"og:url\" content=\"https:\/\/congebec.com\/en\/marie-anne-tawil\/\" \/>\n<meta property=\"og:site_name\" content=\"Congebec\" \/>\n<meta property=\"article:publisher\" content=\"https:\/\/www.facebook.com\/congebec\/\" \/>\n<meta property=\"article:modified_time\" content=\"2026-04-16T22:03:02+00:00\" \/>\n<meta property=\"og:image\" content=\"https:\/\/congebec.com\/wp-content\/uploads\/2026\/04\/2026-01_Marie-Anne-Tawil-1080x1440-72.png\" \/>\n\t<meta property=\"og:image:width\" content=\"1080\" \/>\n\t<meta property=\"og:image:height\" content=\"1440\" \/>\n\t<meta property=\"og:image:type\" content=\"image\/png\" \/>\n<meta name=\"twitter:card\" content=\"summary_large_image\" \/>\n<meta name=\"twitter:label1\" content=\"Est. reading time\" \/>\n\t<meta name=\"twitter:data1\" content=\"2 minutes\" \/>\n<script type=\"application\/ld+json\" class=\"yoast-schema-graph\">{\"@context\":\"https:\\\/\\\/schema.org\",\"@graph\":[{\"@type\":\"WebPage\",\"@id\":\"https:\\\/\\\/congebec.com\\\/en\\\/marie-anne-tawil\\\/\",\"url\":\"https:\\\/\\\/congebec.com\\\/en\\\/marie-anne-tawil\\\/\",\"name\":\"Marie-Anne Tawil - Congebec\",\"isPartOf\":{\"@id\":\"https:\\\/\\\/congebec.com\\\/#website\"},\"primaryImageOfPage\":{\"@id\":\"https:\\\/\\\/congebec.com\\\/en\\\/marie-anne-tawil\\\/#primaryimage\"},\"image\":{\"@id\":\"https:\\\/\\\/congebec.com\\\/en\\\/marie-anne-tawil\\\/#primaryimage\"},\"thumbnailUrl\":\"https:\\\/\\\/congebec.com\\\/wp-content\\\/uploads\\\/2026\\\/04\\\/2026-01_Marie-Anne-Tawil-1080x1440-72.png\",\"datePublished\":\"2026-04-16T18:56:28+00:00\",\"dateModified\":\"2026-04-16T22:03:02+00:00\",\"breadcrumb\":{\"@id\":\"https:\\\/\\\/congebec.com\\\/en\\\/marie-anne-tawil\\\/#breadcrumb\"},\"inLanguage\":\"en-US\",\"potentialAction\":[{\"@type\":\"ReadAction\",\"target\":[\"https:\\\/\\\/congebec.com\\\/en\\\/marie-anne-tawil\\\/\"]}]},{\"@type\":\"ImageObject\",\"inLanguage\":\"en-US\",\"@id\":\"https:\\\/\\\/congebec.com\\\/en\\\/marie-anne-tawil\\\/#primaryimage\",\"url\":\"https:\\\/\\\/congebec.com\\\/wp-content\\\/uploads\\\/2026\\\/04\\\/2026-01_Marie-Anne-Tawil-1080x1440-72.png\",\"contentUrl\":\"https:\\\/\\\/congebec.com\\\/wp-content\\\/uploads\\\/2026\\\/04\\\/2026-01_Marie-Anne-Tawil-1080x1440-72.png\",\"width\":1080,\"height\":1440},{\"@type\":\"BreadcrumbList\",\"@id\":\"https:\\\/\\\/congebec.com\\\/en\\\/marie-anne-tawil\\\/#breadcrumb\",\"itemListElement\":[{\"@type\":\"ListItem\",\"position\":1,\"name\":\"Accueil\",\"item\":\"https:\\\/\\\/congebec.com\\\/\"},{\"@type\":\"ListItem\",\"position\":2,\"name\":\"Marie-Anne Tawil\"}]},{\"@type\":\"WebSite\",\"@id\":\"https:\\\/\\\/congebec.com\\\/#website\",\"url\":\"https:\\\/\\\/congebec.com\\\/\",\"name\":\"Congebec\",\"description\":\"\",\"publisher\":{\"@id\":\"https:\\\/\\\/congebec.com\\\/#organization\"},\"potentialAction\":[{\"@type\":\"SearchAction\",\"target\":{\"@type\":\"EntryPoint\",\"urlTemplate\":\"https:\\\/\\\/congebec.com\\\/?s={search_term_string}\"},\"query-input\":{\"@type\":\"PropertyValueSpecification\",\"valueRequired\":true,\"valueName\":\"search_term_string\"}}],\"inLanguage\":\"en-US\"},{\"@type\":\"Organization\",\"@id\":\"https:\\\/\\\/congebec.com\\\/#organization\",\"name\":\"Congebec\",\"url\":\"https:\\\/\\\/congebec.com\\\/\",\"logo\":{\"@type\":\"ImageObject\",\"inLanguage\":\"en-US\",\"@id\":\"https:\\\/\\\/congebec.com\\\/#\\\/schema\\\/logo\\\/image\\\/\",\"url\":\"https:\\\/\\\/congebec.com\\\/wp-content\\\/uploads\\\/2018\\\/08\\\/V1.png\",\"contentUrl\":\"https:\\\/\\\/congebec.com\\\/wp-content\\\/uploads\\\/2018\\\/08\\\/V1.png\",\"width\":160,\"height\":143,\"caption\":\"Congebec\"},\"image\":{\"@id\":\"https:\\\/\\\/congebec.com\\\/#\\\/schema\\\/logo\\\/image\\\/\"},\"sameAs\":[\"https:\\\/\\\/www.facebook.com\\\/congebec\\\/\",\"https:\\\/\\\/www.linkedin.com\\\/company\\\/congebec\\\/\",\"https:\\\/\\\/en.wikipedia.org\\\/wiki\\\/Congebec_Logistics\"]}]}<\/script>\n<!-- \/ Yoast SEO plugin. -->","yoast_head_json":{"title":"Marie-Anne Tawil - Congebec","robots":{"index":"index","follow":"follow","max-snippet":"max-snippet:-1","max-image-preview":"max-image-preview:large","max-video-preview":"max-video-preview:-1"},"canonical":"https:\/\/congebec.com\/en\/marie-anne-tawil\/","og_locale":"en_US","og_type":"article","og_title":"Marie-Anne Tawil - Congebec","og_description":"Board of Directors Marie-Anne Tawil Board Member Entrepreneur, lawyer, and corporate director, Marie\u2011Anne Tawil has broad and extensive experience in law, finance, and business management. She is a member of the Barreau du Qu\u00e9bec, holds an MBA, and has earned the IAS.A designation from the Institute of Corporate Directors. After beginning her career in private [&hellip;]","og_url":"https:\/\/congebec.com\/en\/marie-anne-tawil\/","og_site_name":"Congebec","article_publisher":"https:\/\/www.facebook.com\/congebec\/","article_modified_time":"2026-04-16T22:03:02+00:00","og_image":[{"width":1080,"height":1440,"url":"https:\/\/congebec.com\/wp-content\/uploads\/2026\/04\/2026-01_Marie-Anne-Tawil-1080x1440-72.png","type":"image\/png"}],"twitter_card":"summary_large_image","twitter_misc":{"Est. reading time":"2 minutes"},"schema":{"@context":"https:\/\/schema.org","@graph":[{"@type":"WebPage","@id":"https:\/\/congebec.com\/en\/marie-anne-tawil\/","url":"https:\/\/congebec.com\/en\/marie-anne-tawil\/","name":"Marie-Anne Tawil - Congebec","isPartOf":{"@id":"https:\/\/congebec.com\/#website"},"primaryImageOfPage":{"@id":"https:\/\/congebec.com\/en\/marie-anne-tawil\/#primaryimage"},"image":{"@id":"https:\/\/congebec.com\/en\/marie-anne-tawil\/#primaryimage"},"thumbnailUrl":"https:\/\/congebec.com\/wp-content\/uploads\/2026\/04\/2026-01_Marie-Anne-Tawil-1080x1440-72.png","datePublished":"2026-04-16T18:56:28+00:00","dateModified":"2026-04-16T22:03:02+00:00","breadcrumb":{"@id":"https:\/\/congebec.com\/en\/marie-anne-tawil\/#breadcrumb"},"inLanguage":"en-US","potentialAction":[{"@type":"ReadAction","target":["https:\/\/congebec.com\/en\/marie-anne-tawil\/"]}]},{"@type":"ImageObject","inLanguage":"en-US","@id":"https:\/\/congebec.com\/en\/marie-anne-tawil\/#primaryimage","url":"https:\/\/congebec.com\/wp-content\/uploads\/2026\/04\/2026-01_Marie-Anne-Tawil-1080x1440-72.png","contentUrl":"https:\/\/congebec.com\/wp-content\/uploads\/2026\/04\/2026-01_Marie-Anne-Tawil-1080x1440-72.png","width":1080,"height":1440},{"@type":"BreadcrumbList","@id":"https:\/\/congebec.com\/en\/marie-anne-tawil\/#breadcrumb","itemListElement":[{"@type":"ListItem","position":1,"name":"Accueil","item":"https:\/\/congebec.com\/"},{"@type":"ListItem","position":2,"name":"Marie-Anne Tawil"}]},{"@type":"WebSite","@id":"https:\/\/congebec.com\/#website","url":"https:\/\/congebec.com\/","name":"Congebec","description":"","publisher":{"@id":"https:\/\/congebec.com\/#organization"},"potentialAction":[{"@type":"SearchAction","target":{"@type":"EntryPoint","urlTemplate":"https:\/\/congebec.com\/?s={search_term_string}"},"query-input":{"@type":"PropertyValueSpecification","valueRequired":true,"valueName":"search_term_string"}}],"inLanguage":"en-US"},{"@type":"Organization","@id":"https:\/\/congebec.com\/#organization","name":"Congebec","url":"https:\/\/congebec.com\/","logo":{"@type":"ImageObject","inLanguage":"en-US","@id":"https:\/\/congebec.com\/#\/schema\/logo\/image\/","url":"https:\/\/congebec.com\/wp-content\/uploads\/2018\/08\/V1.png","contentUrl":"https:\/\/congebec.com\/wp-content\/uploads\/2018\/08\/V1.png","width":160,"height":143,"caption":"Congebec"},"image":{"@id":"https:\/\/congebec.com\/#\/schema\/logo\/image\/"},"sameAs":["https:\/\/www.facebook.com\/congebec\/","https:\/\/www.linkedin.com\/company\/congebec\/","https:\/\/en.wikipedia.org\/wiki\/Congebec_Logistics"]}]}},"_links":{"self":[{"href":"https:\/\/congebec.com\/en\/wp-json\/wp\/v2\/pages\/32332","targetHints":{"allow":["GET"]}}],"collection":[{"href":"https:\/\/congebec.com\/en\/wp-json\/wp\/v2\/pages"}],"about":[{"href":"https:\/\/congebec.com\/en\/wp-json\/wp\/v2\/types\/page"}],"author":[{"embeddable":true,"href":"https:\/\/congebec.com\/en\/wp-json\/wp\/v2\/users\/2"}],"replies":[{"embeddable":true,"href":"https:\/\/congebec.com\/en\/wp-json\/wp\/v2\/comments?post=32332"}],"version-history":[{"count":15,"href":"https:\/\/congebec.com\/en\/wp-json\/wp\/v2\/pages\/32332\/revisions"}],"predecessor-version":[{"id":32347,"href":"https:\/\/congebec.com\/en\/wp-json\/wp\/v2\/pages\/32332\/revisions\/32347"}],"wp:featuredmedia":[{"embeddable":true,"href":"https:\/\/congebec.com\/en\/wp-json\/wp\/v2\/media\/32295"}],"wp:attachment":[{"href":"https:\/\/congebec.com\/en\/wp-json\/wp\/v2\/media?parent=32332"}],"curies":[{"name":"wp","href":"https:\/\/api.w.org\/{rel}","templated":true}]}}